{"id":246,"date":"2023-09-06T14:46:40","date_gmt":"2023-09-06T12:46:40","guid":{"rendered":"https:\/\/ataks.ch\/?page_id=246"},"modified":"2023-10-25T14:13:55","modified_gmt":"2023-10-25T12:13:55","slug":"qui-sommes-nous","status":"publish","type":"page","link":"https:\/\/ataks.ch\/de\/qui-sommes-nous\/","title":{"rendered":"Wer sind wir?"},"content":{"rendered":"<div data-elementor-type=\"wp-page\" data-elementor-id=\"246\" class=\"elementor elementor-246\" data-elementor-post-type=\"page\">\n\t\t\t\t<div class=\"elementor-element elementor-element-6306b60 e-flex e-con-boxed e-con e-parent\" data-id=\"6306b60\" data-element_type=\"container\" data-e-type=\"container\" data-settings=\"{&quot;background_background&quot;:&quot;classic&quot;}\">\n\t\t\t\t\t<div class=\"e-con-inner\">\n\t\t<div class=\"elementor-element elementor-element-0c36ecf e-con-full e-flex e-con e-child\" data-id=\"0c36ecf\" data-element_type=\"container\" data-e-type=\"container\">\n\t\t\t\t<div class=\"elementor-element elementor-element-c786f15 elementor-widget elementor-widget-heading\" data-id=\"c786f15\" data-element_type=\"widget\" data-e-type=\"widget\" data-widget_type=\"heading.default\">\n\t\t\t\t<div class=\"elementor-widget-container\">\n\t\t\t\t\t<h1 class=\"elementor-heading-title elementor-size-default\"> \u00dcber 50 Jahre Erfahrung mit modernster medizinischer Ausr\u00fcstung<\/h1>\t\t\t\t<\/div>\n\t\t\t\t<\/div>\n\t\t\t\t<div class=\"elementor-element elementor-element-0d194e9 elementor-widget elementor-widget-button\" data-id=\"0d194e9\" data-element_type=\"widget\" data-e-type=\"widget\" data-widget_type=\"button.default\">\n\t\t\t\t<div class=\"elementor-widget-container\">\n\t\t\t\t\t\t\t\t\t<div class=\"elementor-button-wrapper\">\n\t\t\t\t\t<a class=\"elementor-button elementor-button-link elementor-size-sm elementor-animation-float\" href=\"https:\/\/ataks.ch\/de\/contact\/\">\n\t\t\t\t\t\t<span class=\"elementor-button-content-wrapper\">\n\t\t\t\t\t\t\t\t\t<span class=\"elementor-button-text\">Kontakt aufnehmen<\/span>\n\t\t\t\t\t<\/span>\n\t\t\t\t\t<\/a>\n\t\t\t\t<\/div>\n\t\t\t\t\t\t\t\t<\/div>\n\t\t\t\t<\/div>\n\t\t\t\t<\/div>\n\t\t<div class=\"elementor-element elementor-element-602d41d e-con-full e-flex e-con e-child\" data-id=\"602d41d\" data-element_type=\"container\" data-e-type=\"container\">\n\t\t\t\t<\/div>\n\t\t\t\t\t<\/div>\n\t\t\t\t<\/div>\n\t\t<div class=\"elementor-element elementor-element-39e5396 e-con-full e-flex e-con e-parent\" data-id=\"39e5396\" data-element_type=\"container\" data-e-type=\"container\" data-settings=\"{&quot;background_background&quot;:&quot;classic&quot;}\">\n\t\t\t\t<div class=\"elementor-element elementor-element-4aba8e3 elementor-widget elementor-widget-heading\" data-id=\"4aba8e3\" data-element_type=\"widget\" data-e-type=\"widget\" data-settings=\"{&quot;motion_fx_motion_fx_scrolling&quot;:&quot;yes&quot;,&quot;motion_fx_translateX_effect&quot;:&quot;yes&quot;,&quot;motion_fx_translateX_affectedRange&quot;:{&quot;unit&quot;:&quot;%&quot;,&quot;size&quot;:&quot;&quot;,&quot;sizes&quot;:{&quot;start&quot;:0,&quot;end&quot;:54}},&quot;motion_fx_devices&quot;:[&quot;desktop&quot;,&quot;tablet&quot;],&quot;motion_fx_translateX_speed&quot;:{&quot;unit&quot;:&quot;px&quot;,&quot;size&quot;:4,&quot;sizes&quot;:[]}}\" data-widget_type=\"heading.default\">\n\t\t\t\t<div class=\"elementor-widget-container\">\n\t\t\t\t\t<h2 class=\"elementor-heading-title elementor-size-default\">ATAKS, die Wahl von Qualit\u00e4t und Erfahrung.<\/h2>\t\t\t\t<\/div>\n\t\t\t\t<\/div>\n\t\t\t\t<\/div>\n\t\t<div class=\"elementor-element elementor-element-79e33a2 e-flex e-con-boxed e-con e-parent\" data-id=\"79e33a2\" data-element_type=\"container\" data-e-type=\"container\">\n\t\t\t\t\t<div class=\"e-con-inner\">\n\t\t<div class=\"elementor-element elementor-element-a3457e6 e-con-full e-flex e-con e-child\" data-id=\"a3457e6\" data-element_type=\"container\" data-e-type=\"container\">\n\t\t\t\t<div class=\"elementor-element elementor-element-616957b elementor-widget elementor-widget-gallery\" data-id=\"616957b\" data-element_type=\"widget\" data-e-type=\"widget\" data-settings=\"{&quot;columns&quot;:2,&quot;lazyload&quot;:&quot;yes&quot;,&quot;gallery_layout&quot;:&quot;grid&quot;,&quot;columns_tablet&quot;:2,&quot;columns_mobile&quot;:1,&quot;gap&quot;:{&quot;unit&quot;:&quot;px&quot;,&quot;size&quot;:10,&quot;sizes&quot;:[]},&quot;gap_tablet&quot;:{&quot;unit&quot;:&quot;px&quot;,&quot;size&quot;:10,&quot;sizes&quot;:[]},&quot;gap_mobile&quot;:{&quot;unit&quot;:&quot;px&quot;,&quot;size&quot;:10,&quot;sizes&quot;:[]},&quot;link_to&quot;:&quot;file&quot;,&quot;aspect_ratio&quot;:&quot;3:2&quot;,&quot;overlay_background&quot;:&quot;yes&quot;,&quot;content_hover_animation&quot;:&quot;fade-in&quot;}\" data-widget_type=\"gallery.default\">\n\t\t\t\t<div class=\"elementor-widget-container\">\n\t\t\t\t\t\t\t<div class=\"elementor-gallery__container\">\n\t\t\t\t\t\t\t<a class=\"e-gallery-item elementor-gallery-item elementor-animated-content\" href=\"https:\/\/ataks.ch\/wp-content\/uploads\/2023\/09\/CYBERBLOC-FP-a.jpg\" data-elementor-open-lightbox=\"yes\" data-elementor-lightbox-slideshow=\"616957b\" data-elementor-lightbox-title=\"CYBERBLOC-FP a\" data-e-action-hash=\"#elementor-action%3Aaction%3Dlightbox%26settings%3DeyJpZCI6MjQ5LCJ1cmwiOiJodHRwczpcL1wvYXRha3MuY2hcL3dwLWNvbnRlbnRcL3VwbG9hZHNcLzIwMjNcLzA5XC9DWUJFUkJMT0MtRlAtYS5qcGciLCJzbGlkZXNob3ciOiI2MTY5NTdiIn0%3D\">\n\t\t\t\t\t<div class=\"e-gallery-image elementor-gallery-item__image\" data-thumbnail=\"https:\/\/ataks.ch\/wp-content\/uploads\/2023\/09\/CYBERBLOC-FP-a-768x628.jpg\" data-width=\"768\" data-height=\"628\" aria-label=\"\" role=\"img\" ><\/div>\n\t\t\t\t\t\t\t\t\t\t\t<div class=\"elementor-gallery-item__overlay\"><\/div>\n\t\t\t\t\t\t\t\t\t\t\t\t\t\t<\/a>\n\t\t\t\t\t\t\t<a class=\"e-gallery-item elementor-gallery-item elementor-animated-content\" href=\"https:\/\/ataks.ch\/wp-content\/uploads\/2023\/09\/CYBERBLOC-FP_b.jpg\" data-elementor-open-lightbox=\"yes\" data-elementor-lightbox-slideshow=\"616957b\" data-elementor-lightbox-title=\"CYBERBLOC-FP_b\" data-e-action-hash=\"#elementor-action%3Aaction%3Dlightbox%26settings%3DeyJpZCI6MjUwLCJ1cmwiOiJodHRwczpcL1wvYXRha3MuY2hcL3dwLWNvbnRlbnRcL3VwbG9hZHNcLzIwMjNcLzA5XC9DWUJFUkJMT0MtRlBfYi5qcGciLCJzbGlkZXNob3ciOiI2MTY5NTdiIn0%3D\">\n\t\t\t\t\t<div class=\"e-gallery-image elementor-gallery-item__image\" data-thumbnail=\"https:\/\/ataks.ch\/wp-content\/uploads\/2023\/09\/CYBERBLOC-FP_b-768x577.jpg\" data-width=\"768\" data-height=\"577\" aria-label=\"\" role=\"img\" ><\/div>\n\t\t\t\t\t\t\t\t\t\t\t<div class=\"elementor-gallery-item__overlay\"><\/div>\n\t\t\t\t\t\t\t\t\t\t\t\t\t\t<\/a>\n\t\t\t\t\t\t\t<a class=\"e-gallery-item elementor-gallery-item elementor-animated-content\" href=\"https:\/\/ataks.ch\/wp-content\/uploads\/2023\/09\/Cyberbloc-FPS_1.jpg\" data-elementor-open-lightbox=\"yes\" data-elementor-lightbox-slideshow=\"616957b\" data-elementor-lightbox-title=\"Cyberbloc-FPS_1\" data-e-action-hash=\"#elementor-action%3Aaction%3Dlightbox%26settings%3DeyJpZCI6MjUxLCJ1cmwiOiJodHRwczpcL1wvYXRha3MuY2hcL3dwLWNvbnRlbnRcL3VwbG9hZHNcLzIwMjNcLzA5XC9DeWJlcmJsb2MtRlBTXzEuanBnIiwic2xpZGVzaG93IjoiNjE2OTU3YiJ9\">\n\t\t\t\t\t<div class=\"e-gallery-image elementor-gallery-item__image\" data-thumbnail=\"https:\/\/ataks.ch\/wp-content\/uploads\/2023\/09\/Cyberbloc-FPS_1.jpg\" data-width=\"599\" data-height=\"453\" aria-label=\"\" role=\"img\" ><\/div>\n\t\t\t\t\t\t\t\t\t\t\t<div class=\"elementor-gallery-item__overlay\"><\/div>\n\t\t\t\t\t\t\t\t\t\t\t\t\t\t<\/a>\n\t\t\t\t\t\t\t<a class=\"e-gallery-item elementor-gallery-item elementor-animated-content\" href=\"https:\/\/ataks.ch\/wp-content\/uploads\/2023\/09\/Helianthus_d.jpg\" data-elementor-open-lightbox=\"yes\" data-elementor-lightbox-slideshow=\"616957b\" data-elementor-lightbox-title=\"Helianthus_d\" data-e-action-hash=\"#elementor-action%3Aaction%3Dlightbox%26settings%3DeyJpZCI6MjUyLCJ1cmwiOiJodHRwczpcL1wvYXRha3MuY2hcL3dwLWNvbnRlbnRcL3VwbG9hZHNcLzIwMjNcLzA5XC9IZWxpYW50aHVzX2QuanBnIiwic2xpZGVzaG93IjoiNjE2OTU3YiJ9\">\n\t\t\t\t\t<div class=\"e-gallery-image elementor-gallery-item__image\" data-thumbnail=\"https:\/\/ataks.ch\/wp-content\/uploads\/2023\/09\/Helianthus_d-768x768.jpg\" data-width=\"768\" data-height=\"768\" aria-label=\"\" role=\"img\" ><\/div>\n\t\t\t\t\t\t\t\t\t\t\t<div class=\"elementor-gallery-item__overlay\"><\/div>\n\t\t\t\t\t\t\t\t\t\t\t\t\t\t<\/a>\n\t\t\t\t\t\t\t<a class=\"e-gallery-item elementor-gallery-item elementor-animated-content\" href=\"https:\/\/ataks.ch\/wp-content\/uploads\/2023\/09\/YP-3100B_d.png\" data-elementor-open-lightbox=\"yes\" data-elementor-lightbox-slideshow=\"616957b\" data-elementor-lightbox-title=\"YP-3100B_d\" data-e-action-hash=\"#elementor-action%3Aaction%3Dlightbox%26settings%3DeyJpZCI6MjUzLCJ1cmwiOiJodHRwczpcL1wvYXRha3MuY2hcL3dwLWNvbnRlbnRcL3VwbG9hZHNcLzIwMjNcLzA5XC9ZUC0zMTAwQl9kLnBuZyIsInNsaWRlc2hvdyI6IjYxNjk1N2IifQ%3D%3D\">\n\t\t\t\t\t<div class=\"e-gallery-image elementor-gallery-item__image\" data-thumbnail=\"https:\/\/ataks.ch\/wp-content\/uploads\/2023\/09\/YP-3100B_d-768x535.png\" data-width=\"768\" data-height=\"535\" aria-label=\"\" role=\"img\" ><\/div>\n\t\t\t\t\t\t\t\t\t\t\t<div class=\"elementor-gallery-item__overlay\"><\/div>\n\t\t\t\t\t\t\t\t\t\t\t\t\t\t<\/a>\n\t\t\t\t\t\t\t<a class=\"e-gallery-item elementor-gallery-item elementor-animated-content\" href=\"https:\/\/ataks.ch\/wp-content\/uploads\/2023\/09\/YP-3100B_b.png\" data-elementor-open-lightbox=\"yes\" data-elementor-lightbox-slideshow=\"616957b\" data-elementor-lightbox-title=\"YP-3100B_b\" data-e-action-hash=\"#elementor-action%3Aaction%3Dlightbox%26settings%3DeyJpZCI6MjU1LCJ1cmwiOiJodHRwczpcL1wvYXRha3MuY2hcL3dwLWNvbnRlbnRcL3VwbG9hZHNcLzIwMjNcLzA5XC9ZUC0zMTAwQl9iLnBuZyIsInNsaWRlc2hvdyI6IjYxNjk1N2IifQ%3D%3D\">\n\t\t\t\t\t<div class=\"e-gallery-image elementor-gallery-item__image\" data-thumbnail=\"https:\/\/ataks.ch\/wp-content\/uploads\/2023\/09\/YP-3100B_b-768x535.png\" data-width=\"768\" data-height=\"535\" aria-label=\"\" role=\"img\" ><\/div>\n\t\t\t\t\t\t\t\t\t\t\t<div class=\"elementor-gallery-item__overlay\"><\/div>\n\t\t\t\t\t\t\t\t\t\t\t\t\t\t<\/a>\n\t\t\t\t\t<\/div>\n\t\t\t\t\t<\/div>\n\t\t\t\t<\/div>\n\t\t\t\t<\/div>\n\t\t<div class=\"elementor-element elementor-element-69b823a e-con-full e-flex e-con e-child\" data-id=\"69b823a\" data-element_type=\"container\" data-e-type=\"container\">\n\t\t\t\t<div class=\"elementor-element elementor-element-72262d2 elementor-widget elementor-widget-heading\" data-id=\"72262d2\" data-element_type=\"widget\" data-e-type=\"widget\" data-settings=\"{&quot;motion_fx_motion_fx_scrolling&quot;:&quot;yes&quot;,&quot;motion_fx_devices&quot;:[&quot;desktop&quot;,&quot;tablet&quot;,&quot;mobile&quot;]}\" data-widget_type=\"heading.default\">\n\t\t\t\t<div class=\"elementor-widget-container\">\n\t\t\t\t\t<h2 class=\"elementor-heading-title elementor-size-default\"> Vertriebsh\u00e4ndler f\u00fcr medizinische Ger\u00e4te<\/h2>\t\t\t\t<\/div>\n\t\t\t\t<\/div>\n\t\t\t\t<div class=\"elementor-element elementor-element-3779cb9 elementor-widget elementor-widget-text-editor\" data-id=\"3779cb9\" data-element_type=\"widget\" data-e-type=\"widget\" data-widget_type=\"text-editor.default\">\n\t\t\t\t<div class=\"elementor-widget-container\">\n\t\t\t\t\t\t\t\t\t<p>ATAKS SA ist ein Schweizer Vertriebsunternehmen f\u00fcr medizinische Ger\u00e4te f\u00fcr Krankenh\u00e4user und Kliniken mit Sitz in der Rues Basses in Genf.<\/p><p><span style=\"font-weight: 400;\">Unser Unternehmen bietet eine umfassende Palette von Dienstleistungen an, die vom Marketing \u00fcber den Verkauf, die Lieferung, die Installation, die Schulung des Personals und den Kundendienst reichen.<\/span><\/p>\t\t\t\t\t\t\t\t<\/div>\n\t\t\t\t<\/div>\n\t\t\t\t<\/div>\n\t\t\t\t\t<\/div>\n\t\t\t\t<\/div>\n\t\t<div class=\"elementor-element elementor-element-c4f953a e-flex e-con-boxed e-con e-parent\" data-id=\"c4f953a\" data-element_type=\"container\" data-e-type=\"container\">\n\t\t\t\t\t<div class=\"e-con-inner\">\n\t\t<div class=\"elementor-element elementor-element-93aea01 e-con-full e-flex e-con e-child\" data-id=\"93aea01\" data-element_type=\"container\" data-e-type=\"container\">\n\t\t\t\t<div class=\"elementor-element elementor-element-ebaaf1c elementor-widget elementor-widget-heading\" data-id=\"ebaaf1c\" data-element_type=\"widget\" data-e-type=\"widget\" data-settings=\"{&quot;motion_fx_motion_fx_scrolling&quot;:&quot;yes&quot;,&quot;motion_fx_devices&quot;:[&quot;desktop&quot;,&quot;tablet&quot;,&quot;mobile&quot;]}\" data-widget_type=\"heading.default\">\n\t\t\t\t<div class=\"elementor-widget-container\">\n\t\t\t\t\t<h2 class=\"elementor-heading-title elementor-size-default\">Ein Team von Spezialisten<\/h2>\t\t\t\t<\/div>\n\t\t\t\t<\/div>\n\t\t\t\t<div class=\"elementor-element elementor-element-7afdc61 elementor-widget elementor-widget-text-editor\" data-id=\"7afdc61\" data-element_type=\"widget\" data-e-type=\"widget\" data-widget_type=\"text-editor.default\">\n\t\t\t\t<div class=\"elementor-widget-container\">\n\t\t\t\t\t\t\t\t\t<p><span style=\"font-weight: 400;\">ATAKS SA ist ein Unternehmen, das aus einem Team von \u00c4rzten besteht <\/span>und medizinischen Spezialisten mit einer kombinierten Erfahrung von mehr als einem halben Jahrhundert im Vertrieb von medizinischen Ger\u00e4ten.\u00a0<\/p><p>Wir kennen die Bed\u00fcrfnisse der Nutzer und die einzigartigen Aspekte der Hersteller in ganz Europa, Nordamerika und Asien.<\/p><p>ATAKS SA hat es sich zur Aufgabe gemacht, medizinischem Fachpersonal Zugang zu modernsten Ger\u00e4ten aus der ganzen Welt zu verschaffen.<\/p>\t\t\t\t\t\t\t\t<\/div>\n\t\t\t\t<\/div>\n\t\t<div class=\"elementor-element elementor-element-a7a29a9 e-flex e-con-boxed e-con e-child\" data-id=\"a7a29a9\" data-element_type=\"container\" data-e-type=\"container\">\n\t\t\t\t\t<div class=\"e-con-inner\">\n\t\t\t\t<div class=\"elementor-element elementor-element-bbe6445 elementor-align-left elementor-widget elementor-widget-button\" data-id=\"bbe6445\" data-element_type=\"widget\" data-e-type=\"widget\" data-widget_type=\"button.default\">\n\t\t\t\t<div class=\"elementor-widget-container\">\n\t\t\t\t\t\t\t\t\t<div class=\"elementor-button-wrapper\">\n\t\t\t\t\t<a class=\"elementor-button elementor-button-link elementor-size-sm elementor-animation-float\" href=\"https:\/\/ataks.ch\/de\/contact\/\">\n\t\t\t\t\t\t<span class=\"elementor-button-content-wrapper\">\n\t\t\t\t\t\t\t\t\t<span class=\"elementor-button-text\">Kontakt aufnehmen<\/span>\n\t\t\t\t\t<\/span>\n\t\t\t\t\t<\/a>\n\t\t\t\t<\/div>\n\t\t\t\t\t\t\t\t<\/div>\n\t\t\t\t<\/div>\n\t\t\t\t<div class=\"elementor-element elementor-element-47f3801 elementor-align-left elementor-widget elementor-widget-button\" data-id=\"47f3801\" data-element_type=\"widget\" data-e-type=\"widget\" data-widget_type=\"button.default\">\n\t\t\t\t<div class=\"elementor-widget-container\">\n\t\t\t\t\t\t\t\t\t<div class=\"elementor-button-wrapper\">\n\t\t\t\t\t<a class=\"elementor-button elementor-button-link elementor-size-sm elementor-animation-float\" href=\"https:\/\/www.linkedin.com\/company\/ataks-sa\/\" target=\"_blank\">\n\t\t\t\t\t\t<span class=\"elementor-button-content-wrapper\">\n\t\t\t\t\t\t\t\t\t<span class=\"elementor-button-text\">LinkedIn<\/span>\n\t\t\t\t\t<\/span>\n\t\t\t\t\t<\/a>\n\t\t\t\t<\/div>\n\t\t\t\t\t\t\t\t<\/div>\n\t\t\t\t<\/div>\n\t\t\t\t\t<\/div>\n\t\t\t\t<\/div>\n\t\t\t\t<\/div>\n\t\t<div class=\"elementor-element elementor-element-261f47c e-con-full e-flex e-con e-child\" data-id=\"261f47c\" data-element_type=\"container\" data-e-type=\"container\">\n\t\t\t\t<div class=\"elementor-element elementor-element-93fd601 elementor-widget elementor-widget-image\" data-id=\"93fd601\" data-element_type=\"widget\" data-e-type=\"widget\" data-widget_type=\"image.default\">\n\t\t\t\t<div class=\"elementor-widget-container\">\n\t\t\t\t\t\t\t\t\t\t\t\t\t\t\t<img fetchpriority=\"high\" decoding=\"async\" width=\"720\" height=\"665\" src=\"https:\/\/ataks.ch\/wp-content\/uploads\/2023\/09\/Medecin-specialiste-Suisse.png\" class=\"attachment-large size-large wp-image-257\" alt=\"\" srcset=\"https:\/\/ataks.ch\/wp-content\/uploads\/2023\/09\/Medecin-specialiste-Suisse.png 720w, https:\/\/ataks.ch\/wp-content\/uploads\/2023\/09\/Medecin-specialiste-Suisse-300x277.png 300w\" sizes=\"(max-width: 720px) 100vw, 720px\" \/>\t\t\t\t\t\t\t\t\t\t\t\t\t\t\t<\/div>\n\t\t\t\t<\/div>\n\t\t\t\t<\/div>\n\t\t\t\t\t<\/div>\n\t\t\t\t<\/div>\n\t\t\t\t<\/div>","protected":false},"excerpt":{"rendered":"<p>\u00dcber 50 Jahre Erfahrung mit medizinischen Spitzenger\u00e4ten Kontaktaufnahme mit ATAKS, die Wahl der Qualit\u00e4t und der Erfahrung. H\u00e4ndler f\u00fcr medizinische Ger\u00e4te ATAKS SA ist ein Schweizer H\u00e4ndler f\u00fcr medizinische Ger\u00e4te f\u00fcr Krankenh\u00e4user und Kliniken mit Sitz in Genf, in der Rues Basses. Unser Unternehmen bietet eine umfassende Palette von Dienstleistungen an, die von [...]]<\/p>","protected":false},"author":1,"featured_media":0,"parent":0,"menu_order":0,"comment_status":"closed","ping_status":"closed","template":"elementor_header_footer","meta":{"footnotes":""},"class_list":["post-246","page","type-page","status-publish","hentry"],"yoast_head":"<!-- This site is optimized with the Yoast SEO plugin v27.4 - https:\/\/yoast.com\/product\/yoast-seo-wordpress\/ -->\n<title>Plus de 50 ans d\u2019exp\u00e9rience dans le mat\u00e9riel m\u00e9dical de pointe<\/title>\n<meta name=\"description\" content=\"Ataks SA accompagne les professionnels du secteur m\u00e9dical dans leurs solutions d\u2019\u00e9quipements haute technologie pour h\u00f4pitaux et cliniques\" \/>\n<meta name=\"robots\" content=\"index, follow, max-snippet:-1, max-image-preview:large, max-video-preview:-1\" \/>\n<link rel=\"canonical\" href=\"https:\/\/ataks.ch\/de\/qui-sommes-nous\/\" \/>\n<meta property=\"og:locale\" content=\"de_DE\" \/>\n<meta property=\"og:type\" content=\"article\" \/>\n<meta property=\"og:title\" content=\"Plus de 50 ans d\u2019exp\u00e9rience dans le mat\u00e9riel m\u00e9dical de pointe\" \/>\n<meta property=\"og:description\" content=\"Ataks SA accompagne les professionnels du secteur m\u00e9dical dans leurs solutions d\u2019\u00e9quipements haute technologie pour h\u00f4pitaux et cliniques\" \/>\n<meta property=\"og:url\" content=\"https:\/\/ataks.ch\/de\/qui-sommes-nous\/\" \/>\n<meta property=\"og:site_name\" content=\"Ataks\" \/>\n<meta property=\"article:modified_time\" content=\"2023-10-25T12:13:55+00:00\" \/>\n<meta property=\"og:image\" content=\"https:\/\/ataks.ch\/wp-content\/uploads\/2023\/09\/Medecin-specialiste-Suisse.png\" \/>\n<meta name=\"twitter:card\" content=\"summary_large_image\" \/>\n<meta name=\"twitter:label1\" content=\"Gesch\u00e4tzte Lesezeit\" \/>\n\t<meta name=\"twitter:data1\" content=\"1\u00a0Minute\" \/>\n<script type=\"application\/ld+json\" class=\"yoast-schema-graph\">{\"@context\":\"https:\\\/\\\/schema.org\",\"@graph\":[{\"@type\":\"WebPage\",\"@id\":\"https:\\\/\\\/ataks.ch\\\/qui-sommes-nous\\\/\",\"url\":\"https:\\\/\\\/ataks.ch\\\/qui-sommes-nous\\\/\",\"name\":\"Plus de 50 ans d\u2019exp\u00e9rience dans le mat\u00e9riel m\u00e9dical de pointe\",\"isPartOf\":{\"@id\":\"https:\\\/\\\/ataks.ch\\\/#website\"},\"primaryImageOfPage\":{\"@id\":\"https:\\\/\\\/ataks.ch\\\/qui-sommes-nous\\\/#primaryimage\"},\"image\":{\"@id\":\"https:\\\/\\\/ataks.ch\\\/qui-sommes-nous\\\/#primaryimage\"},\"thumbnailUrl\":\"https:\\\/\\\/ataks.ch\\\/wp-content\\\/uploads\\\/2023\\\/09\\\/Medecin-specialiste-Suisse.png\",\"datePublished\":\"2023-09-06T12:46:40+00:00\",\"dateModified\":\"2023-10-25T12:13:55+00:00\",\"description\":\"Ataks SA accompagne les professionnels du secteur m\u00e9dical dans leurs solutions d\u2019\u00e9quipements haute technologie pour h\u00f4pitaux et cliniques\",\"breadcrumb\":{\"@id\":\"https:\\\/\\\/ataks.ch\\\/qui-sommes-nous\\\/#breadcrumb\"},\"inLanguage\":\"de\",\"potentialAction\":[{\"@type\":\"ReadAction\",\"target\":[\"https:\\\/\\\/ataks.ch\\\/qui-sommes-nous\\\/\"]}]},{\"@type\":\"ImageObject\",\"inLanguage\":\"de\",\"@id\":\"https:\\\/\\\/ataks.ch\\\/qui-sommes-nous\\\/#primaryimage\",\"url\":\"https:\\\/\\\/ataks.ch\\\/wp-content\\\/uploads\\\/2023\\\/09\\\/Medecin-specialiste-Suisse.png\",\"contentUrl\":\"https:\\\/\\\/ataks.ch\\\/wp-content\\\/uploads\\\/2023\\\/09\\\/Medecin-specialiste-Suisse.png\"},{\"@type\":\"BreadcrumbList\",\"@id\":\"https:\\\/\\\/ataks.ch\\\/qui-sommes-nous\\\/#breadcrumb\",\"itemListElement\":[{\"@type\":\"ListItem\",\"position\":1,\"name\":\"Accueil\",\"item\":\"https:\\\/\\\/ataks.ch\\\/\"},{\"@type\":\"ListItem\",\"position\":2,\"name\":\"Qui sommes-nous\u00a0?\"}]},{\"@type\":\"WebSite\",\"@id\":\"https:\\\/\\\/ataks.ch\\\/#website\",\"url\":\"https:\\\/\\\/ataks.ch\\\/\",\"name\":\"Ataks\",\"description\":\"Solutions pour l\u2019\u00e9quipement m\u00e9dical en milieu hospitalier\",\"publisher\":{\"@id\":\"https:\\\/\\\/ataks.ch\\\/#organization\"},\"potentialAction\":[{\"@type\":\"SearchAction\",\"target\":{\"@type\":\"EntryPoint\",\"urlTemplate\":\"https:\\\/\\\/ataks.ch\\\/?s={search_term_string}\"},\"query-input\":{\"@type\":\"PropertyValueSpecification\",\"valueRequired\":true,\"valueName\":\"search_term_string\"}}],\"inLanguage\":\"de\"},{\"@type\":\"Organization\",\"@id\":\"https:\\\/\\\/ataks.ch\\\/#organization\",\"name\":\"Ataks\",\"url\":\"https:\\\/\\\/ataks.ch\\\/\",\"logo\":{\"@type\":\"ImageObject\",\"inLanguage\":\"de\",\"@id\":\"https:\\\/\\\/ataks.ch\\\/#\\\/schema\\\/logo\\\/image\\\/\",\"url\":\"https:\\\/\\\/ataks.ch\\\/wp-content\\\/uploads\\\/2023\\\/09\\\/Logo-Ataks.png\",\"contentUrl\":\"https:\\\/\\\/ataks.ch\\\/wp-content\\\/uploads\\\/2023\\\/09\\\/Logo-Ataks.png\",\"width\":2880,\"height\":967,\"caption\":\"Ataks\"},\"image\":{\"@id\":\"https:\\\/\\\/ataks.ch\\\/#\\\/schema\\\/logo\\\/image\\\/\"}}]}<\/script>\n<!-- \/ Yoast SEO plugin. -->","yoast_head_json":{"title":"Plus de 50 ans d\u2019exp\u00e9rience dans le mat\u00e9riel m\u00e9dical de pointe","description":"Ataks SA accompagne les professionnels du secteur m\u00e9dical dans leurs solutions d\u2019\u00e9quipements haute technologie pour h\u00f4pitaux et cliniques","robots":{"index":"index","follow":"follow","max-snippet":"max-snippet:-1","max-image-preview":"max-image-preview:large","max-video-preview":"max-video-preview:-1"},"canonical":"https:\/\/ataks.ch\/de\/qui-sommes-nous\/","og_locale":"de_DE","og_type":"article","og_title":"Plus de 50 ans d\u2019exp\u00e9rience dans le mat\u00e9riel m\u00e9dical de pointe","og_description":"Ataks SA accompagne les professionnels du secteur m\u00e9dical dans leurs solutions d\u2019\u00e9quipements haute technologie pour h\u00f4pitaux et cliniques","og_url":"https:\/\/ataks.ch\/de\/qui-sommes-nous\/","og_site_name":"Ataks","article_modified_time":"2023-10-25T12:13:55+00:00","og_image":[{"url":"https:\/\/ataks.ch\/wp-content\/uploads\/2023\/09\/Medecin-specialiste-Suisse.png","type":"","width":"","height":""}],"twitter_card":"summary_large_image","twitter_misc":{"Gesch\u00e4tzte Lesezeit":"1\u00a0Minute"},"schema":{"@context":"https:\/\/schema.org","@graph":[{"@type":"WebPage","@id":"https:\/\/ataks.ch\/qui-sommes-nous\/","url":"https:\/\/ataks.ch\/qui-sommes-nous\/","name":"Plus de 50 ans d\u2019exp\u00e9rience dans le mat\u00e9riel m\u00e9dical de pointe","isPartOf":{"@id":"https:\/\/ataks.ch\/#website"},"primaryImageOfPage":{"@id":"https:\/\/ataks.ch\/qui-sommes-nous\/#primaryimage"},"image":{"@id":"https:\/\/ataks.ch\/qui-sommes-nous\/#primaryimage"},"thumbnailUrl":"https:\/\/ataks.ch\/wp-content\/uploads\/2023\/09\/Medecin-specialiste-Suisse.png","datePublished":"2023-09-06T12:46:40+00:00","dateModified":"2023-10-25T12:13:55+00:00","description":"Ataks SA accompagne les professionnels du secteur m\u00e9dical dans leurs solutions d\u2019\u00e9quipements haute technologie pour h\u00f4pitaux et cliniques","breadcrumb":{"@id":"https:\/\/ataks.ch\/qui-sommes-nous\/#breadcrumb"},"inLanguage":"de","potentialAction":[{"@type":"ReadAction","target":["https:\/\/ataks.ch\/qui-sommes-nous\/"]}]},{"@type":"ImageObject","inLanguage":"de","@id":"https:\/\/ataks.ch\/qui-sommes-nous\/#primaryimage","url":"https:\/\/ataks.ch\/wp-content\/uploads\/2023\/09\/Medecin-specialiste-Suisse.png","contentUrl":"https:\/\/ataks.ch\/wp-content\/uploads\/2023\/09\/Medecin-specialiste-Suisse.png"},{"@type":"BreadcrumbList","@id":"https:\/\/ataks.ch\/qui-sommes-nous\/#breadcrumb","itemListElement":[{"@type":"ListItem","position":1,"name":"Accueil","item":"https:\/\/ataks.ch\/"},{"@type":"ListItem","position":2,"name":"Qui sommes-nous\u00a0?"}]},{"@type":"WebSite","@id":"https:\/\/ataks.ch\/#website","url":"https:\/\/ataks.ch\/","name":"Ataks","description":"Solutions pour l\u2019\u00e9quipement m\u00e9dical en milieu hospitalier","publisher":{"@id":"https:\/\/ataks.ch\/#organization"},"potentialAction":[{"@type":"SearchAction","target":{"@type":"EntryPoint","urlTemplate":"https:\/\/ataks.ch\/?s={search_term_string}"},"query-input":{"@type":"PropertyValueSpecification","valueRequired":true,"valueName":"search_term_string"}}],"inLanguage":"de"},{"@type":"Organization","@id":"https:\/\/ataks.ch\/#organization","name":"Ataks","url":"https:\/\/ataks.ch\/","logo":{"@type":"ImageObject","inLanguage":"de","@id":"https:\/\/ataks.ch\/#\/schema\/logo\/image\/","url":"https:\/\/ataks.ch\/wp-content\/uploads\/2023\/09\/Logo-Ataks.png","contentUrl":"https:\/\/ataks.ch\/wp-content\/uploads\/2023\/09\/Logo-Ataks.png","width":2880,"height":967,"caption":"Ataks"},"image":{"@id":"https:\/\/ataks.ch\/#\/schema\/logo\/image\/"}}]}},"_links":{"self":[{"href":"https:\/\/ataks.ch\/de\/wp-json\/wp\/v2\/pages\/246","targetHints":{"allow":["GET"]}}],"collection":[{"href":"https:\/\/ataks.ch\/de\/wp-json\/wp\/v2\/pages"}],"about":[{"href":"https:\/\/ataks.ch\/de\/wp-json\/wp\/v2\/types\/page"}],"author":[{"embeddable":true,"href":"https:\/\/ataks.ch\/de\/wp-json\/wp\/v2\/users\/1"}],"replies":[{"embeddable":true,"href":"https:\/\/ataks.ch\/de\/wp-json\/wp\/v2\/comments?post=246"}],"version-history":[{"count":28,"href":"https:\/\/ataks.ch\/de\/wp-json\/wp\/v2\/pages\/246\/revisions"}],"predecessor-version":[{"id":634,"href":"https:\/\/ataks.ch\/de\/wp-json\/wp\/v2\/pages\/246\/revisions\/634"}],"wp:attachment":[{"href":"https:\/\/ataks.ch\/de\/wp-json\/wp\/v2\/media?parent=246"}],"curies":[{"name":"wp","href":"https:\/\/api.w.org\/{rel}","templated":true}]}}