{"id":362,"date":"2023-09-07T10:02:56","date_gmt":"2023-09-07T08:02:56","guid":{"rendered":"https:\/\/ataks.ch\/?page_id=362"},"modified":"2023-09-07T10:09:40","modified_gmt":"2023-09-07T08:09:40","slug":"nlpd","status":"publish","type":"page","link":"https:\/\/ataks.ch\/de\/nlpd\/","title":{"rendered":"nLPD"},"content":{"rendered":"<div data-elementor-type=\"wp-page\" data-elementor-id=\"362\" class=\"elementor elementor-362\" data-elementor-post-type=\"page\">\n\t\t\t\t<div class=\"elementor-element elementor-element-55eca5c e-flex e-con-boxed e-con e-parent\" data-id=\"55eca5c\" data-element_type=\"container\" data-e-type=\"container\" data-settings=\"{&quot;background_background&quot;:&quot;classic&quot;}\">\n\t\t\t\t\t<div class=\"e-con-inner\">\n\t\t<div class=\"elementor-element elementor-element-8ace418 e-con-full e-flex e-con e-child\" data-id=\"8ace418\" data-element_type=\"container\" data-e-type=\"container\">\n\t\t\t\t<div class=\"elementor-element elementor-element-38231fc elementor-widget elementor-widget-heading\" data-id=\"38231fc\" data-element_type=\"widget\" data-e-type=\"widget\" data-widget_type=\"heading.default\">\n\t\t\t\t<div class=\"elementor-widget-container\">\n\t\t\t\t\t<h1 class=\"elementor-heading-title elementor-size-default\">Neues Datenschutzgesetz<\/h1>\t\t\t\t<\/div>\n\t\t\t\t<\/div>\n\t\t\t\t<\/div>\n\t\t<div class=\"elementor-element elementor-element-ddb03ad e-con-full e-flex e-con e-child\" data-id=\"ddb03ad\" data-element_type=\"container\" data-e-type=\"container\">\n\t\t\t\t<\/div>\n\t\t\t\t\t<\/div>\n\t\t\t\t<\/div>\n\t\t<div class=\"elementor-element elementor-element-ea3ec36 e-flex e-con-boxed e-con e-parent\" data-id=\"ea3ec36\" data-element_type=\"container\" data-e-type=\"container\">\n\t\t\t\t\t<div class=\"e-con-inner\">\n\t\t\t\t<div class=\"elementor-element elementor-element-ab3c9ef elementor-widget elementor-widget-text-editor\" data-id=\"ab3c9ef\" data-element_type=\"widget\" data-e-type=\"widget\" data-widget_type=\"text-editor.default\">\n\t\t\t\t<div class=\"elementor-widget-container\">\n\t\t\t\t\t\t\t\t\t<p><span style=\"font-weight: 400;\">Die europ\u00e4ische Gesetzgebung zum Schutz personenbezogener Daten befindet sich in einem tiefgreifenden Wandel, der zu der Allgemeinen Datenschutzverordnung \"nLPD\" vom 27. April 2017 gef\u00fchrt hat, die am 25. Mai 2018 in Kraft getreten ist.<\/span><\/p>\n<p><span style=\"font-weight: 400;\">Unser Unternehmen ist bestrebt, die Vorschriften einzuhalten, die die Beziehungen zu unseren europ\u00e4ischen Kunden verbessern k\u00f6nnen, und hat sich an diese Vorschriften gehalten.<\/span><\/p>\n<p><span style=\"font-weight: 400;\">Diese neue Verordnung, die EU-B\u00fcrger betrifft, die nicht beruflich t\u00e4tig sind und daher als \"Privatperson\" gelten, st\u00e4rkt die Kontrolle des B\u00fcrgers \u00fcber die Verwendung seiner Daten durch den B\u00fcrger selbst. Die Verordnung gilt f\u00fcr alle automatisierten oder nicht automatisierten Verarbeitungen von personenbezogenen Daten, unabh\u00e4ngig davon, ob diese Daten in einer Datei enthalten sind oder gespeichert werden.<\/span><\/p>\n<h2><span style=\"font-weight: 400;\">Was sind personenbezogene Daten f\u00fcr eine Einzelperson?<\/span><\/h2>\n<p><span style=\"font-weight: 400;\">Per Definition sind personenbezogene Daten: \"Alle Informationen, die sich auf eine nat\u00fcrliche Person beziehen, die direkt (Name, Vorname) oder indirekt (durch eine Kennung, Kundennummer, Telefonnummer usw.) identifiziert wird. Die Identifizierung einer nat\u00fcrlichen Person kann anhand eines einzigen Datensatzes (ABS-Nummer, SS) oder durch die Verkn\u00fcpfung einer Reihe von Daten erfolgen.<\/span><\/p>\n<h2><span style=\"font-weight: 400;\">Was k\u00f6nnen wir an pers\u00f6nlichen Daten sammeln?<\/span><\/h2>\n<p><span style=\"font-weight: 400;\">Wir erheben nur angemessene und relevante Daten, die strikt auf die Erbringung der von Ihnen bestellten Leistung beschr\u00e4nkt sind, und mit Ihrer Zustimmung auch Daten, die sich auf unsere Marketing- und Werbeaktionen beziehen.<\/span><\/p>\n<h2><span style=\"font-weight: 400;\">Warum m\u00fcssen wir Ihre personenbezogenen Daten erheben und verarbeiten?<\/span><\/h2>\n<p><span style=\"font-weight: 400;\">Ihre pers\u00f6nlichen Daten werden erhoben und verarbeitet, um es uns zu erm\u00f6glichen, die von Ihnen bestellte Leistung abzuschlie\u00dfen, zu verwalten, zu \u00e4ndern und auszuf\u00fchren und Sie mit Ihrer Zustimmung \u00fcber die Dienstleistungen und Produkte zu informieren, die Sie bei Ataks SA in Anspruch nehmen k\u00f6nnen.<\/span><\/p>\n<h2><span style=\"font-weight: 400;\">An wen werden Ihre pers\u00f6nlichen Daten weitergegeben?<\/span><\/h2>\n<p><span style=\"font-weight: 400;\">Ihre pers\u00f6nlichen Daten sind f\u00fcr die Mitarbeiter von Ataks SA je nach Funktion und f\u00fcr einige unserer Subunternehmer bestimmt. Alle unsere Mitarbeiter sind geschult und halten sich an das nLPD. Unsere Subunternehmer halten sich ebenfalls an die Anforderungen des nLPD, um die ordnungsgem\u00e4\u00dfe Ausf\u00fchrung der bestellten Dienstleistung zu gew\u00e4hrleisten. Keine der gesammelten Informationen wird an Dritte, die keine anerkannten Subunternehmer sind, weitergegeben oder verkauft. Die Daten werden ausschlie\u00dflich in der Schweiz und in Europa gehostet.<\/span><\/p>\n<h2><span style=\"font-weight: 400;\">Wie lange speichern wir Ihre pers\u00f6nlichen Daten?<\/span><\/h2>\n<p><span style=\"font-weight: 400;\">Personenbezogene Daten, die im Rahmen einer bestellten Leistung, eines Gesch\u00e4ftskontakts oder einer Verkaufsabwicklung gesammelt und verarbeitet werden, werden gem\u00e4\u00df den gesetzlichen Verj\u00e4hrungsfristen aufbewahrt, die je nach Art des Vertrags festgelegt werden und den Schweizer Regeln entsprechen, d. h. 10 Jahre. Im Rahmen der kommerziellen Werbung werden die personenbezogenen Daten 2 Jahre nach ihrer Erhebung oder dem letzten Kontakt mit der betroffenen Person aufbewahrt. Anschlie\u00dfend werden die Daten anonymisiert, um die Grundlage f\u00fcr statistische Studien des Unternehmens zu erhalten.<\/span><\/p>\n<h2><span style=\"font-weight: 400;\">Welche Sicherheitsma\u00dfnahmen werden ergriffen, um Ihre Daten zu tragen?<\/span><\/h2>\n<p><span style=\"font-weight: 400;\">Gem\u00e4\u00df den geltenden allgemeinen Vorschriften zum Schutz personenbezogener Daten haben Sie verschiedene Rechte, n\u00e4mlich:<\/span><\/p>\n<ul>\n<li style=\"font-weight: 400;\" aria-level=\"1\"><span style=\"font-weight: 400;\">Recht auf Zugang: Sie k\u00f6nnen Informationen \u00fcber die Verarbeitung Ihrer personenbezogenen Daten sowie eine Kopie dieser personenbezogenen Daten erhalten.<\/span><\/li>\n<li style=\"font-weight: 400;\" aria-level=\"1\"><span style=\"font-weight: 400;\">Recht auf Berichtigung: Wenn Sie der Meinung sind, dass Ihre personenbezogenen Daten unrichtig oder unvollst\u00e4ndig sind, k\u00f6nnen Sie verlangen, dass diese personenbezogenen Daten entsprechend ge\u00e4ndert werden.<\/span><\/li>\n<li style=\"font-weight: 400;\" aria-level=\"1\"><span style=\"font-weight: 400;\">Recht auf L\u00f6schung: Sie k\u00f6nnen die L\u00f6schung Ihrer personenbezogenen Daten im Rahmen des gesetzlich Zul\u00e4ssigen verlangen.<\/span><\/li>\n<li style=\"font-weight: 400;\" aria-level=\"1\"><span style=\"font-weight: 400;\">Recht auf Einschr\u00e4nkung der Verarbeitung: Sie k\u00f6nnen die Einschr\u00e4nkung der Verarbeitung Ihrer personenbezogenen Daten beantragen.<\/span><\/li>\n<li style=\"font-weight: 400;\" aria-level=\"1\"><span style=\"font-weight: 400;\">Widerspruchsrecht: Sie k\u00f6nnen aus Gr\u00fcnden, die sich aus Ihrer besonderen Situation ergeben, gegen die Verarbeitung Ihrer personenbezogenen Daten Widerspruch einlegen. Sie haben das absolute Recht, der Verarbeitung Ihrer personenbezogenen Daten zum Zwecke der kommerziellen Werbung, einschlie\u00dflich des damit verbundenen Profilings, zu widersprechen.<\/span><\/li>\n<li style=\"font-weight: 400;\" aria-level=\"1\"><span style=\"font-weight: 400;\">Recht, Richtlinien \u00fcber die Aufbewahrung, L\u00f6schung oder Weitergabe Ihrer pers\u00f6nlichen Daten festzulegen, die nach Ihrem Tod gelten.<\/span><\/li>\n<li style=\"font-weight: 400;\" aria-level=\"1\"><span style=\"font-weight: 400;\">Recht auf Widerruf Ihrer Einwilligung: Wenn Sie Ihre Einwilligung zur Verarbeitung Ihrer personenbezogenen Daten gegeben haben, haben Sie das Recht, Ihre Einwilligung jederzeit zu widerrufen.<\/span><\/li>\n<\/ul>\n<p><span style=\"font-weight: 400;\">Sie k\u00f6nnen diese Rechte per Post an den DPO von Ataks SA - aus\u00fcben.&nbsp;<\/span><span style=\"background-color: rgb(185, 225, 245);\">Rue des Alpes 7, 1201 Genf<\/span><span style=\"font-weight: 400;\">&nbsp;oder per E-Mail an&nbsp;<\/span><span style=\"background-color: rgb(185, 225, 245);\">info@ataks.ch<\/span><span style=\"font-weight: 400;\">.<\/span><\/p>\n<h2><span style=\"font-weight: 400;\">Welche Rechte haben Sie?<\/span><\/h2>\n<p><span style=\"font-weight: 400;\">Per Definition sind personenbezogene Daten: \"Alle Informationen, die sich auf eine nat\u00fcrliche Person beziehen, die direkt (Name, Vorname) oder indirekt (durch eine Kennung, Kundennummer, Telefonnummer usw.) identifiziert wird. Die Identifizierung einer nat\u00fcrlichen Person kann anhand eines einzigen Datensatzes (ABS-Nummer, SS) oder durch die Verkn\u00fcpfung einer Reihe von Daten erfolgen.<\/span><\/p>\t\t\t\t\t\t\t\t<\/div>\n\t\t\t\t<\/div>\n\t\t\t\t\t<\/div>\n\t\t\t\t<\/div>\n\t\t\t\t<\/div>","protected":false},"excerpt":{"rendered":"<p>Neues Datenschutzgesetz Die europ\u00e4ischen Vorschriften zum Schutz personenbezogener Daten haben sich grundlegend ge\u00e4ndert, was zu der Allgemeinen Datenschutzverordnung (DSGVO) vom 27. April 2017 f\u00fchrte, die am 25. Mai 2018 in Kraft getreten ist. Unser Unternehmen ist bestrebt, die [...].<\/p>","protected":false},"author":1,"featured_media":0,"parent":0,"menu_order":0,"comment_status":"closed","ping_status":"closed","template":"elementor_header_footer","meta":{"footnotes":""},"class_list":["post-362","page","type-page","status-publish","hentry"],"yoast_head":"<!-- This site is optimized with the Yoast SEO plugin v27.4 - https:\/\/yoast.com\/product\/yoast-seo-wordpress\/ -->\n<title>nLPD - Ataks<\/title>\n<meta name=\"robots\" content=\"index, follow, max-snippet:-1, max-image-preview:large, max-video-preview:-1\" \/>\n<link rel=\"canonical\" href=\"https:\/\/ataks.ch\/de\/nlpd\/\" \/>\n<meta property=\"og:locale\" content=\"de_DE\" \/>\n<meta property=\"og:type\" content=\"article\" \/>\n<meta property=\"og:title\" content=\"nLPD - Ataks\" \/>\n<meta property=\"og:description\" content=\"Nouvelle Loi sur la Protection des Donn\u00e9es La r\u00e9glementation europ\u00e9enne relative \u00e0 la protection des donn\u00e9es \u00e0 caract\u00e8re personnel connait une \u00e9volution majeure qui a donn\u00e9e lieu au R\u00e8glement General \u00e0 la Protection des Donn\u00e9es \u00ab nLPD \u00bb du 27 avril 2017 mis en vigueur le 25 mai 2018. Notre soci\u00e9t\u00e9, soucieuse de respecter les [&hellip;]\" \/>\n<meta property=\"og:url\" content=\"https:\/\/ataks.ch\/de\/nlpd\/\" \/>\n<meta property=\"og:site_name\" content=\"Ataks\" \/>\n<meta property=\"article:modified_time\" content=\"2023-09-07T08:09:40+00:00\" \/>\n<meta name=\"twitter:card\" content=\"summary_large_image\" \/>\n<meta name=\"twitter:label1\" content=\"Gesch\u00e4tzte Lesezeit\" \/>\n\t<meta name=\"twitter:data1\" content=\"4\u00a0Minuten\" \/>\n<script type=\"application\/ld+json\" class=\"yoast-schema-graph\">{\"@context\":\"https:\\\/\\\/schema.org\",\"@graph\":[{\"@type\":\"WebPage\",\"@id\":\"https:\\\/\\\/ataks.ch\\\/nlpd\\\/\",\"url\":\"https:\\\/\\\/ataks.ch\\\/nlpd\\\/\",\"name\":\"nLPD - Ataks\",\"isPartOf\":{\"@id\":\"https:\\\/\\\/ataks.ch\\\/#website\"},\"datePublished\":\"2023-09-07T08:02:56+00:00\",\"dateModified\":\"2023-09-07T08:09:40+00:00\",\"breadcrumb\":{\"@id\":\"https:\\\/\\\/ataks.ch\\\/nlpd\\\/#breadcrumb\"},\"inLanguage\":\"de\",\"potentialAction\":[{\"@type\":\"ReadAction\",\"target\":[\"https:\\\/\\\/ataks.ch\\\/nlpd\\\/\"]}]},{\"@type\":\"BreadcrumbList\",\"@id\":\"https:\\\/\\\/ataks.ch\\\/nlpd\\\/#breadcrumb\",\"itemListElement\":[{\"@type\":\"ListItem\",\"position\":1,\"name\":\"Accueil\",\"item\":\"https:\\\/\\\/ataks.ch\\\/\"},{\"@type\":\"ListItem\",\"position\":2,\"name\":\"nLPD\"}]},{\"@type\":\"WebSite\",\"@id\":\"https:\\\/\\\/ataks.ch\\\/#website\",\"url\":\"https:\\\/\\\/ataks.ch\\\/\",\"name\":\"Ataks\",\"description\":\"Solutions pour l\u2019\u00e9quipement m\u00e9dical en milieu hospitalier\",\"publisher\":{\"@id\":\"https:\\\/\\\/ataks.ch\\\/#organization\"},\"potentialAction\":[{\"@type\":\"SearchAction\",\"target\":{\"@type\":\"EntryPoint\",\"urlTemplate\":\"https:\\\/\\\/ataks.ch\\\/?s={search_term_string}\"},\"query-input\":{\"@type\":\"PropertyValueSpecification\",\"valueRequired\":true,\"valueName\":\"search_term_string\"}}],\"inLanguage\":\"de\"},{\"@type\":\"Organization\",\"@id\":\"https:\\\/\\\/ataks.ch\\\/#organization\",\"name\":\"Ataks\",\"url\":\"https:\\\/\\\/ataks.ch\\\/\",\"logo\":{\"@type\":\"ImageObject\",\"inLanguage\":\"de\",\"@id\":\"https:\\\/\\\/ataks.ch\\\/#\\\/schema\\\/logo\\\/image\\\/\",\"url\":\"https:\\\/\\\/ataks.ch\\\/wp-content\\\/uploads\\\/2023\\\/09\\\/Logo-Ataks.png\",\"contentUrl\":\"https:\\\/\\\/ataks.ch\\\/wp-content\\\/uploads\\\/2023\\\/09\\\/Logo-Ataks.png\",\"width\":2880,\"height\":967,\"caption\":\"Ataks\"},\"image\":{\"@id\":\"https:\\\/\\\/ataks.ch\\\/#\\\/schema\\\/logo\\\/image\\\/\"}}]}<\/script>\n<!-- \/ Yoast SEO plugin. -->","yoast_head_json":{"title":"nLPD - Ataks","robots":{"index":"index","follow":"follow","max-snippet":"max-snippet:-1","max-image-preview":"max-image-preview:large","max-video-preview":"max-video-preview:-1"},"canonical":"https:\/\/ataks.ch\/de\/nlpd\/","og_locale":"de_DE","og_type":"article","og_title":"nLPD - Ataks","og_description":"Nouvelle Loi sur la Protection des Donn\u00e9es La r\u00e9glementation europ\u00e9enne relative \u00e0 la protection des donn\u00e9es \u00e0 caract\u00e8re personnel connait une \u00e9volution majeure qui a donn\u00e9e lieu au R\u00e8glement General \u00e0 la Protection des Donn\u00e9es \u00ab nLPD \u00bb du 27 avril 2017 mis en vigueur le 25 mai 2018. Notre soci\u00e9t\u00e9, soucieuse de respecter les [&hellip;]","og_url":"https:\/\/ataks.ch\/de\/nlpd\/","og_site_name":"Ataks","article_modified_time":"2023-09-07T08:09:40+00:00","twitter_card":"summary_large_image","twitter_misc":{"Gesch\u00e4tzte Lesezeit":"4\u00a0Minuten"},"schema":{"@context":"https:\/\/schema.org","@graph":[{"@type":"WebPage","@id":"https:\/\/ataks.ch\/nlpd\/","url":"https:\/\/ataks.ch\/nlpd\/","name":"nLPD - Ataks","isPartOf":{"@id":"https:\/\/ataks.ch\/#website"},"datePublished":"2023-09-07T08:02:56+00:00","dateModified":"2023-09-07T08:09:40+00:00","breadcrumb":{"@id":"https:\/\/ataks.ch\/nlpd\/#breadcrumb"},"inLanguage":"de","potentialAction":[{"@type":"ReadAction","target":["https:\/\/ataks.ch\/nlpd\/"]}]},{"@type":"BreadcrumbList","@id":"https:\/\/ataks.ch\/nlpd\/#breadcrumb","itemListElement":[{"@type":"ListItem","position":1,"name":"Accueil","item":"https:\/\/ataks.ch\/"},{"@type":"ListItem","position":2,"name":"nLPD"}]},{"@type":"WebSite","@id":"https:\/\/ataks.ch\/#website","url":"https:\/\/ataks.ch\/","name":"Ataks","description":"Solutions pour l\u2019\u00e9quipement m\u00e9dical en milieu hospitalier","publisher":{"@id":"https:\/\/ataks.ch\/#organization"},"potentialAction":[{"@type":"SearchAction","target":{"@type":"EntryPoint","urlTemplate":"https:\/\/ataks.ch\/?s={search_term_string}"},"query-input":{"@type":"PropertyValueSpecification","valueRequired":true,"valueName":"search_term_string"}}],"inLanguage":"de"},{"@type":"Organization","@id":"https:\/\/ataks.ch\/#organization","name":"Ataks","url":"https:\/\/ataks.ch\/","logo":{"@type":"ImageObject","inLanguage":"de","@id":"https:\/\/ataks.ch\/#\/schema\/logo\/image\/","url":"https:\/\/ataks.ch\/wp-content\/uploads\/2023\/09\/Logo-Ataks.png","contentUrl":"https:\/\/ataks.ch\/wp-content\/uploads\/2023\/09\/Logo-Ataks.png","width":2880,"height":967,"caption":"Ataks"},"image":{"@id":"https:\/\/ataks.ch\/#\/schema\/logo\/image\/"}}]}},"_links":{"self":[{"href":"https:\/\/ataks.ch\/de\/wp-json\/wp\/v2\/pages\/362","targetHints":{"allow":["GET"]}}],"collection":[{"href":"https:\/\/ataks.ch\/de\/wp-json\/wp\/v2\/pages"}],"about":[{"href":"https:\/\/ataks.ch\/de\/wp-json\/wp\/v2\/types\/page"}],"author":[{"embeddable":true,"href":"https:\/\/ataks.ch\/de\/wp-json\/wp\/v2\/users\/1"}],"replies":[{"embeddable":true,"href":"https:\/\/ataks.ch\/de\/wp-json\/wp\/v2\/comments?post=362"}],"version-history":[{"count":4,"href":"https:\/\/ataks.ch\/de\/wp-json\/wp\/v2\/pages\/362\/revisions"}],"predecessor-version":[{"id":369,"href":"https:\/\/ataks.ch\/de\/wp-json\/wp\/v2\/pages\/362\/revisions\/369"}],"wp:attachment":[{"href":"https:\/\/ataks.ch\/de\/wp-json\/wp\/v2\/media?parent=362"}],"curies":[{"name":"wp","href":"https:\/\/api.w.org\/{rel}","templated":true}]}}