{"id":735,"date":"2024-03-19T11:09:16","date_gmt":"2024-03-19T10:09:16","guid":{"rendered":"https:\/\/ataks.ch\/?page_id=735"},"modified":"2024-03-26T09:30:00","modified_gmt":"2024-03-26T08:30:00","slug":"neonatologie","status":"publish","type":"page","link":"https:\/\/ataks.ch\/de\/nos-produits\/neonatologie\/","title":{"rendered":"Neonatologie"},"content":{"rendered":"<div data-elementor-type=\"wp-page\" data-elementor-id=\"735\" class=\"elementor elementor-735\" data-elementor-post-type=\"page\">\n\t\t\t\t<div class=\"elementor-element elementor-element-65a1629 e-flex e-con-boxed e-con e-parent\" data-id=\"65a1629\" data-element_type=\"container\" data-e-type=\"container\" data-settings=\"{&quot;background_background&quot;:&quot;classic&quot;}\">\n\t\t\t\t\t<div class=\"e-con-inner\">\n\t\t<div class=\"elementor-element elementor-element-2984be9 e-con-full e-flex e-con e-child\" data-id=\"2984be9\" data-element_type=\"container\" data-e-type=\"container\">\n\t\t\t\t<div class=\"elementor-element elementor-element-8bd5a78 elementor-widget elementor-widget-heading\" data-id=\"8bd5a78\" data-element_type=\"widget\" data-e-type=\"widget\" data-widget_type=\"heading.default\">\n\t\t\t\t<div class=\"elementor-widget-container\">\n\t\t\t\t\t<h1 class=\"elementor-heading-title elementor-size-default\">Neonatologie<\/h1>\t\t\t\t<\/div>\n\t\t\t\t<\/div>\n\t\t\t\t<div class=\"elementor-element elementor-element-252222c elementor-widget elementor-widget-button\" data-id=\"252222c\" data-element_type=\"widget\" data-e-type=\"widget\" data-widget_type=\"button.default\">\n\t\t\t\t<div class=\"elementor-widget-container\">\n\t\t\t\t\t\t\t\t\t<div class=\"elementor-button-wrapper\">\n\t\t\t\t\t<a class=\"elementor-button elementor-button-link elementor-size-sm elementor-animation-float\" href=\"https:\/\/ataks.ch\/de\/contact\/\">\n\t\t\t\t\t\t<span class=\"elementor-button-content-wrapper\">\n\t\t\t\t\t\t\t\t\t<span class=\"elementor-button-text\">Kontakt aufnehmen<\/span>\n\t\t\t\t\t<\/span>\n\t\t\t\t\t<\/a>\n\t\t\t\t<\/div>\n\t\t\t\t\t\t\t\t<\/div>\n\t\t\t\t<\/div>\n\t\t\t\t<\/div>\n\t\t<div class=\"elementor-element elementor-element-fc80382 e-con-full e-flex e-con e-child\" data-id=\"fc80382\" data-element_type=\"container\" data-e-type=\"container\">\n\t\t\t\t<\/div>\n\t\t\t\t\t<\/div>\n\t\t\t\t<\/div>\n\t\t<div class=\"elementor-element elementor-element-c828540 e-flex e-con-boxed e-con e-parent\" data-id=\"c828540\" data-element_type=\"container\" data-e-type=\"container\">\n\t\t\t\t\t<div class=\"e-con-inner\">\n\t\t\t\t<div class=\"elementor-element elementor-element-464f05c elementor-widget elementor-widget-menu-anchor\" data-id=\"464f05c\" data-element_type=\"widget\" data-e-type=\"widget\" data-widget_type=\"menu-anchor.default\">\n\t\t\t\t<div class=\"elementor-widget-container\">\n\t\t\t\t\t\t\t<div class=\"elementor-menu-anchor\" id=\"yp\"><\/div>\n\t\t\t\t\t\t<\/div>\n\t\t\t\t<\/div>\n\t\t\t\t<div class=\"elementor-element elementor-element-d777f4b elementor-widget elementor-widget-heading\" data-id=\"d777f4b\" data-element_type=\"widget\" data-e-type=\"widget\" data-widget_type=\"heading.default\">\n\t\t\t\t<div class=\"elementor-widget-container\">\n\t\t\t\t\t<h4 class=\"elementor-heading-title elementor-size-default\">Neonatologie<\/h4>\t\t\t\t<\/div>\n\t\t\t\t<\/div>\n\t\t\t\t<div class=\"elementor-element elementor-element-618ee1e elementor-widget elementor-widget-heading\" data-id=\"618ee1e\" data-element_type=\"widget\" data-e-type=\"widget\" data-widget_type=\"heading.default\">\n\t\t\t\t<div class=\"elementor-widget-container\">\n\t\t\t\t\t<h2 class=\"elementor-heading-title elementor-size-default\">YP 3100B - Inkubator f\u00fcr Babys<\/h2>\t\t\t\t<\/div>\n\t\t\t\t<\/div>\n\t\t\t\t\t<\/div>\n\t\t\t\t<\/div>\n\t\t<div class=\"elementor-element elementor-element-38a8a5f e-flex e-con-boxed e-con e-parent\" data-id=\"38a8a5f\" data-element_type=\"container\" data-e-type=\"container\">\n\t\t\t\t\t<div class=\"e-con-inner\">\n\t\t<div class=\"elementor-element elementor-element-60fccb7 e-con-full e-flex e-con e-child\" data-id=\"60fccb7\" data-element_type=\"container\" data-e-type=\"container\">\n\t\t\t\t<div class=\"elementor-element elementor-element-c3db653 elementor-widget elementor-widget-image\" data-id=\"c3db653\" data-element_type=\"widget\" data-e-type=\"widget\" data-widget_type=\"image.default\">\n\t\t\t\t<div class=\"elementor-widget-container\">\n\t\t\t\t\t\t\t\t\t\t\t\t\t\t\t<img fetchpriority=\"high\" decoding=\"async\" width=\"800\" height=\"800\" src=\"https:\/\/ataks.ch\/wp-content\/uploads\/2023\/09\/YP-3100B.png\" class=\"attachment-large size-large wp-image-222\" alt=\"\" srcset=\"https:\/\/ataks.ch\/wp-content\/uploads\/2023\/09\/YP-3100B.png 800w, https:\/\/ataks.ch\/wp-content\/uploads\/2023\/09\/YP-3100B-300x300.png 300w, https:\/\/ataks.ch\/wp-content\/uploads\/2023\/09\/YP-3100B-150x150.png 150w, https:\/\/ataks.ch\/wp-content\/uploads\/2023\/09\/YP-3100B-768x768.png 768w\" sizes=\"(max-width: 800px) 100vw, 800px\" \/>\t\t\t\t\t\t\t\t\t\t\t\t\t\t\t<\/div>\n\t\t\t\t<\/div>\n\t\t\t\t<\/div>\n\t\t<div class=\"elementor-element elementor-element-81bf5bb e-con-full e-flex e-con e-child\" data-id=\"81bf5bb\" data-element_type=\"container\" data-e-type=\"container\">\n\t\t<div class=\"elementor-element elementor-element-d56c96d e-flex e-con-boxed e-con e-child\" data-id=\"d56c96d\" data-element_type=\"container\" data-e-type=\"container\">\n\t\t\t\t\t<div class=\"e-con-inner\">\n\t\t\t\t<div class=\"elementor-element elementor-element-b9ca112 elementor-align-left elementor-mobile-align-center elementor-widget-mobile__width-inherit elementor-widget elementor-widget-button\" data-id=\"b9ca112\" data-element_type=\"widget\" data-e-type=\"widget\" data-widget_type=\"button.default\">\n\t\t\t\t<div class=\"elementor-widget-container\">\n\t\t\t\t\t\t\t\t\t<div class=\"elementor-button-wrapper\">\n\t\t\t\t\t<a class=\"elementor-button elementor-button-link elementor-size-sm elementor-animation-float\" href=\"https:\/\/ataks.ch\/de\/nos-produits\/neonatologie\/incubateurs-pour-bebe\/\">\n\t\t\t\t\t\t<span class=\"elementor-button-content-wrapper\">\n\t\t\t\t\t\t\t\t\t<span class=\"elementor-button-text\">Mehr dazu +<\/span>\n\t\t\t\t\t<\/span>\n\t\t\t\t\t<\/a>\n\t\t\t\t<\/div>\n\t\t\t\t\t\t\t\t<\/div>\n\t\t\t\t<\/div>\n\t\t\t\t\t<\/div>\n\t\t\t\t<\/div>\n\t\t\t\t<\/div>\n\t\t\t\t\t<\/div>\n\t\t\t\t<\/div>\n\t\t<div class=\"elementor-element elementor-element-059f43b e-flex e-con-boxed e-con e-parent\" data-id=\"059f43b\" data-element_type=\"container\" data-e-type=\"container\" data-settings=\"{&quot;background_background&quot;:&quot;classic&quot;}\">\n\t\t\t\t\t<div class=\"e-con-inner\">\n\t\t\t\t<div class=\"elementor-element elementor-element-4606587 elementor-widget elementor-widget-menu-anchor\" data-id=\"4606587\" data-element_type=\"widget\" data-e-type=\"widget\" data-widget_type=\"menu-anchor.default\">\n\t\t\t\t<div class=\"elementor-widget-container\">\n\t\t\t\t\t\t\t<div class=\"elementor-menu-anchor\" id=\"neo\"><\/div>\n\t\t\t\t\t\t<\/div>\n\t\t\t\t<\/div>\n\t\t\t\t<div class=\"elementor-element elementor-element-813e7c9 elementor-widget elementor-widget-heading\" data-id=\"813e7c9\" data-element_type=\"widget\" data-e-type=\"widget\" data-widget_type=\"heading.default\">\n\t\t\t\t<div class=\"elementor-widget-container\">\n\t\t\t\t\t<h4 class=\"elementor-heading-title elementor-size-default\">Zerebrales Monitoring<\/h4>\t\t\t\t<\/div>\n\t\t\t\t<\/div>\n\t\t\t\t<div class=\"elementor-element elementor-element-f978d6f elementor-widget elementor-widget-heading\" data-id=\"f978d6f\" data-element_type=\"widget\" data-e-type=\"widget\" data-widget_type=\"heading.default\">\n\t\t\t\t<div class=\"elementor-widget-container\">\n\t\t\t\t\t<h2 class=\"elementor-heading-title elementor-size-default\">n\u00ebo - aEEG f\u00fcr Babys\n<\/h2>\t\t\t\t<\/div>\n\t\t\t\t<\/div>\n\t\t\t\t\t<\/div>\n\t\t\t\t<\/div>\n\t\t<div class=\"elementor-element elementor-element-0739fe5 e-flex e-con-boxed e-con e-parent\" data-id=\"0739fe5\" data-element_type=\"container\" data-e-type=\"container\" data-settings=\"{&quot;background_background&quot;:&quot;classic&quot;}\">\n\t\t\t\t\t<div class=\"e-con-inner\">\n\t\t<div class=\"elementor-element elementor-element-8a3d954 e-con-full e-flex e-con e-child\" data-id=\"8a3d954\" data-element_type=\"container\" data-e-type=\"container\">\n\t\t\t\t<div class=\"elementor-element elementor-element-60bafdd elementor-widget elementor-widget-image\" data-id=\"60bafdd\" data-element_type=\"widget\" data-e-type=\"widget\" data-widget_type=\"image.default\">\n\t\t\t\t<div class=\"elementor-widget-container\">\n\t\t\t\t\t\t\t\t\t\t\t\t\t\t\t<img decoding=\"async\" width=\"800\" height=\"533\" src=\"https:\/\/ataks.ch\/wp-content\/uploads\/2023\/09\/banner_products_neo_1.jpg\" class=\"attachment-large size-large wp-image-248\" alt=\"\" srcset=\"https:\/\/ataks.ch\/wp-content\/uploads\/2023\/09\/banner_products_neo_1.jpg 800w, https:\/\/ataks.ch\/wp-content\/uploads\/2023\/09\/banner_products_neo_1-300x200.jpg 300w, https:\/\/ataks.ch\/wp-content\/uploads\/2023\/09\/banner_products_neo_1-768x512.jpg 768w\" sizes=\"(max-width: 800px) 100vw, 800px\" \/>\t\t\t\t\t\t\t\t\t\t\t\t\t\t\t<\/div>\n\t\t\t\t<\/div>\n\t\t\t\t<\/div>\n\t\t<div class=\"elementor-element elementor-element-0dd4931 e-con-full e-flex e-con e-child\" data-id=\"0dd4931\" data-element_type=\"container\" data-e-type=\"container\">\n\t\t<div class=\"elementor-element elementor-element-aeb6668 e-flex e-con-boxed e-con e-child\" data-id=\"aeb6668\" data-element_type=\"container\" data-e-type=\"container\">\n\t\t\t\t\t<div class=\"e-con-inner\">\n\t\t\t\t<div class=\"elementor-element elementor-element-f82dcb0 elementor-align-left elementor-mobile-align-center elementor-widget-mobile__width-inherit elementor-widget elementor-widget-button\" data-id=\"f82dcb0\" data-element_type=\"widget\" data-e-type=\"widget\" data-widget_type=\"button.default\">\n\t\t\t\t<div class=\"elementor-widget-container\">\n\t\t\t\t\t\t\t\t\t<div class=\"elementor-button-wrapper\">\n\t\t\t\t\t<a class=\"elementor-button elementor-button-link elementor-size-sm elementor-animation-float\" href=\"https:\/\/ataks.ch\/de\/nos-produits\/neonatologie\/monitoring-cerebral\/\">\n\t\t\t\t\t\t<span class=\"elementor-button-content-wrapper\">\n\t\t\t\t\t\t\t\t\t<span class=\"elementor-button-text\">Mehr dazu +<\/span>\n\t\t\t\t\t<\/span>\n\t\t\t\t\t<\/a>\n\t\t\t\t<\/div>\n\t\t\t\t\t\t\t\t<\/div>\n\t\t\t\t<\/div>\n\t\t\t\t\t<\/div>\n\t\t\t\t<\/div>\n\t\t\t\t<\/div>\n\t\t\t\t\t<\/div>\n\t\t\t\t<\/div>\n\t\t\t\t<\/div>","protected":false},"excerpt":{"rendered":"<p>Neonatologie Kontakt aufnehmen Neonatologie YP 3100B - Inkubator f\u00fcr Babys Erfahren Sie mehr + Gehirnmonitoring n\u00ebo - aEEG f\u00fcr Babys Erfahren Sie mehr +<\/p>","protected":false},"author":1,"featured_media":0,"parent":261,"menu_order":0,"comment_status":"closed","ping_status":"closed","template":"elementor_header_footer","meta":{"footnotes":""},"class_list":["post-735","page","type-page","status-publish","hentry"],"yoast_head":"<!-- This site is optimized with the Yoast SEO plugin v27.4 - https:\/\/yoast.com\/product\/yoast-seo-wordpress\/ -->\n<title>\u00c9quipement m\u00e9dical haute technologie - Ataks<\/title>\n<meta name=\"description\" content=\"Arceau mobile pour chirurgie, incubateur, mammographe : retrouvez nos solutions pour vos besoins en mat\u00e9riel m\u00e9dical de pointe\" \/>\n<meta name=\"robots\" content=\"index, follow, max-snippet:-1, max-image-preview:large, max-video-preview:-1\" \/>\n<link rel=\"canonical\" href=\"https:\/\/ataks.ch\/de\/nos-produits\/neonatologie\/\" \/>\n<meta property=\"og:locale\" content=\"de_DE\" \/>\n<meta property=\"og:type\" content=\"article\" \/>\n<meta property=\"og:title\" content=\"\u00c9quipement m\u00e9dical haute technologie - Ataks\" \/>\n<meta property=\"og:description\" content=\"Arceau mobile pour chirurgie, incubateur, mammographe : retrouvez nos solutions pour vos besoins en mat\u00e9riel m\u00e9dical de pointe\" \/>\n<meta property=\"og:url\" content=\"https:\/\/ataks.ch\/de\/nos-produits\/neonatologie\/\" \/>\n<meta property=\"og:site_name\" content=\"Ataks\" \/>\n<meta property=\"article:modified_time\" content=\"2024-03-26T08:30:00+00:00\" \/>\n<meta property=\"og:image\" content=\"https:\/\/ataks.ch\/wp-content\/uploads\/2023\/09\/YP-3100B.png\" \/>\n<meta name=\"twitter:card\" content=\"summary_large_image\" \/>\n<meta name=\"twitter:label1\" content=\"Gesch\u00e4tzte Lesezeit\" \/>\n\t<meta name=\"twitter:data1\" content=\"1\u00a0Minute\" \/>\n<script type=\"application\/ld+json\" class=\"yoast-schema-graph\">{\"@context\":\"https:\\\/\\\/schema.org\",\"@graph\":[{\"@type\":\"WebPage\",\"@id\":\"https:\\\/\\\/ataks.ch\\\/nos-produits\\\/neonatologie\\\/\",\"url\":\"https:\\\/\\\/ataks.ch\\\/nos-produits\\\/neonatologie\\\/\",\"name\":\"\u00c9quipement m\u00e9dical haute technologie - Ataks\",\"isPartOf\":{\"@id\":\"https:\\\/\\\/ataks.ch\\\/#website\"},\"primaryImageOfPage\":{\"@id\":\"https:\\\/\\\/ataks.ch\\\/nos-produits\\\/neonatologie\\\/#primaryimage\"},\"image\":{\"@id\":\"https:\\\/\\\/ataks.ch\\\/nos-produits\\\/neonatologie\\\/#primaryimage\"},\"thumbnailUrl\":\"https:\\\/\\\/ataks.ch\\\/wp-content\\\/uploads\\\/2023\\\/09\\\/YP-3100B.png\",\"datePublished\":\"2024-03-19T10:09:16+00:00\",\"dateModified\":\"2024-03-26T08:30:00+00:00\",\"description\":\"Arceau mobile pour chirurgie, incubateur, mammographe : retrouvez nos solutions pour vos besoins en mat\u00e9riel m\u00e9dical de pointe\",\"breadcrumb\":{\"@id\":\"https:\\\/\\\/ataks.ch\\\/nos-produits\\\/neonatologie\\\/#breadcrumb\"},\"inLanguage\":\"de\",\"potentialAction\":[{\"@type\":\"ReadAction\",\"target\":[\"https:\\\/\\\/ataks.ch\\\/nos-produits\\\/neonatologie\\\/\"]}]},{\"@type\":\"ImageObject\",\"inLanguage\":\"de\",\"@id\":\"https:\\\/\\\/ataks.ch\\\/nos-produits\\\/neonatologie\\\/#primaryimage\",\"url\":\"https:\\\/\\\/ataks.ch\\\/wp-content\\\/uploads\\\/2023\\\/09\\\/YP-3100B.png\",\"contentUrl\":\"https:\\\/\\\/ataks.ch\\\/wp-content\\\/uploads\\\/2023\\\/09\\\/YP-3100B.png\"},{\"@type\":\"BreadcrumbList\",\"@id\":\"https:\\\/\\\/ataks.ch\\\/nos-produits\\\/neonatologie\\\/#breadcrumb\",\"itemListElement\":[{\"@type\":\"ListItem\",\"position\":1,\"name\":\"Accueil\",\"item\":\"https:\\\/\\\/ataks.ch\\\/\"},{\"@type\":\"ListItem\",\"position\":2,\"name\":\"Nos produits\",\"item\":\"https:\\\/\\\/ataks.ch\\\/nos-produits\\\/\"},{\"@type\":\"ListItem\",\"position\":3,\"name\":\"N\u00e9onatologie\"}]},{\"@type\":\"WebSite\",\"@id\":\"https:\\\/\\\/ataks.ch\\\/#website\",\"url\":\"https:\\\/\\\/ataks.ch\\\/\",\"name\":\"Ataks\",\"description\":\"Solutions pour l\u2019\u00e9quipement m\u00e9dical en milieu hospitalier\",\"publisher\":{\"@id\":\"https:\\\/\\\/ataks.ch\\\/#organization\"},\"potentialAction\":[{\"@type\":\"SearchAction\",\"target\":{\"@type\":\"EntryPoint\",\"urlTemplate\":\"https:\\\/\\\/ataks.ch\\\/?s={search_term_string}\"},\"query-input\":{\"@type\":\"PropertyValueSpecification\",\"valueRequired\":true,\"valueName\":\"search_term_string\"}}],\"inLanguage\":\"de\"},{\"@type\":\"Organization\",\"@id\":\"https:\\\/\\\/ataks.ch\\\/#organization\",\"name\":\"Ataks\",\"url\":\"https:\\\/\\\/ataks.ch\\\/\",\"logo\":{\"@type\":\"ImageObject\",\"inLanguage\":\"de\",\"@id\":\"https:\\\/\\\/ataks.ch\\\/#\\\/schema\\\/logo\\\/image\\\/\",\"url\":\"https:\\\/\\\/ataks.ch\\\/wp-content\\\/uploads\\\/2023\\\/09\\\/Logo-Ataks.png\",\"contentUrl\":\"https:\\\/\\\/ataks.ch\\\/wp-content\\\/uploads\\\/2023\\\/09\\\/Logo-Ataks.png\",\"width\":2880,\"height\":967,\"caption\":\"Ataks\"},\"image\":{\"@id\":\"https:\\\/\\\/ataks.ch\\\/#\\\/schema\\\/logo\\\/image\\\/\"}}]}<\/script>\n<!-- \/ Yoast SEO plugin. -->","yoast_head_json":{"title":"\u00c9quipement m\u00e9dical haute technologie - Ataks","description":"Arceau mobile pour chirurgie, incubateur, mammographe : retrouvez nos solutions pour vos besoins en mat\u00e9riel m\u00e9dical de pointe","robots":{"index":"index","follow":"follow","max-snippet":"max-snippet:-1","max-image-preview":"max-image-preview:large","max-video-preview":"max-video-preview:-1"},"canonical":"https:\/\/ataks.ch\/de\/nos-produits\/neonatologie\/","og_locale":"de_DE","og_type":"article","og_title":"\u00c9quipement m\u00e9dical haute technologie - Ataks","og_description":"Arceau mobile pour chirurgie, incubateur, mammographe : retrouvez nos solutions pour vos besoins en mat\u00e9riel m\u00e9dical de pointe","og_url":"https:\/\/ataks.ch\/de\/nos-produits\/neonatologie\/","og_site_name":"Ataks","article_modified_time":"2024-03-26T08:30:00+00:00","og_image":[{"url":"https:\/\/ataks.ch\/wp-content\/uploads\/2023\/09\/YP-3100B.png","type":"","width":"","height":""}],"twitter_card":"summary_large_image","twitter_misc":{"Gesch\u00e4tzte Lesezeit":"1\u00a0Minute"},"schema":{"@context":"https:\/\/schema.org","@graph":[{"@type":"WebPage","@id":"https:\/\/ataks.ch\/nos-produits\/neonatologie\/","url":"https:\/\/ataks.ch\/nos-produits\/neonatologie\/","name":"\u00c9quipement m\u00e9dical haute technologie - Ataks","isPartOf":{"@id":"https:\/\/ataks.ch\/#website"},"primaryImageOfPage":{"@id":"https:\/\/ataks.ch\/nos-produits\/neonatologie\/#primaryimage"},"image":{"@id":"https:\/\/ataks.ch\/nos-produits\/neonatologie\/#primaryimage"},"thumbnailUrl":"https:\/\/ataks.ch\/wp-content\/uploads\/2023\/09\/YP-3100B.png","datePublished":"2024-03-19T10:09:16+00:00","dateModified":"2024-03-26T08:30:00+00:00","description":"Arceau mobile pour chirurgie, incubateur, mammographe : retrouvez nos solutions pour vos besoins en mat\u00e9riel m\u00e9dical de pointe","breadcrumb":{"@id":"https:\/\/ataks.ch\/nos-produits\/neonatologie\/#breadcrumb"},"inLanguage":"de","potentialAction":[{"@type":"ReadAction","target":["https:\/\/ataks.ch\/nos-produits\/neonatologie\/"]}]},{"@type":"ImageObject","inLanguage":"de","@id":"https:\/\/ataks.ch\/nos-produits\/neonatologie\/#primaryimage","url":"https:\/\/ataks.ch\/wp-content\/uploads\/2023\/09\/YP-3100B.png","contentUrl":"https:\/\/ataks.ch\/wp-content\/uploads\/2023\/09\/YP-3100B.png"},{"@type":"BreadcrumbList","@id":"https:\/\/ataks.ch\/nos-produits\/neonatologie\/#breadcrumb","itemListElement":[{"@type":"ListItem","position":1,"name":"Accueil","item":"https:\/\/ataks.ch\/"},{"@type":"ListItem","position":2,"name":"Nos produits","item":"https:\/\/ataks.ch\/nos-produits\/"},{"@type":"ListItem","position":3,"name":"N\u00e9onatologie"}]},{"@type":"WebSite","@id":"https:\/\/ataks.ch\/#website","url":"https:\/\/ataks.ch\/","name":"Ataks","description":"Solutions pour l\u2019\u00e9quipement m\u00e9dical en milieu hospitalier","publisher":{"@id":"https:\/\/ataks.ch\/#organization"},"potentialAction":[{"@type":"SearchAction","target":{"@type":"EntryPoint","urlTemplate":"https:\/\/ataks.ch\/?s={search_term_string}"},"query-input":{"@type":"PropertyValueSpecification","valueRequired":true,"valueName":"search_term_string"}}],"inLanguage":"de"},{"@type":"Organization","@id":"https:\/\/ataks.ch\/#organization","name":"Ataks","url":"https:\/\/ataks.ch\/","logo":{"@type":"ImageObject","inLanguage":"de","@id":"https:\/\/ataks.ch\/#\/schema\/logo\/image\/","url":"https:\/\/ataks.ch\/wp-content\/uploads\/2023\/09\/Logo-Ataks.png","contentUrl":"https:\/\/ataks.ch\/wp-content\/uploads\/2023\/09\/Logo-Ataks.png","width":2880,"height":967,"caption":"Ataks"},"image":{"@id":"https:\/\/ataks.ch\/#\/schema\/logo\/image\/"}}]}},"_links":{"self":[{"href":"https:\/\/ataks.ch\/de\/wp-json\/wp\/v2\/pages\/735","targetHints":{"allow":["GET"]}}],"collection":[{"href":"https:\/\/ataks.ch\/de\/wp-json\/wp\/v2\/pages"}],"about":[{"href":"https:\/\/ataks.ch\/de\/wp-json\/wp\/v2\/types\/page"}],"author":[{"embeddable":true,"href":"https:\/\/ataks.ch\/de\/wp-json\/wp\/v2\/users\/1"}],"replies":[{"embeddable":true,"href":"https:\/\/ataks.ch\/de\/wp-json\/wp\/v2\/comments?post=735"}],"version-history":[{"count":10,"href":"https:\/\/ataks.ch\/de\/wp-json\/wp\/v2\/pages\/735\/revisions"}],"predecessor-version":[{"id":914,"href":"https:\/\/ataks.ch\/de\/wp-json\/wp\/v2\/pages\/735\/revisions\/914"}],"up":[{"embeddable":true,"href":"https:\/\/ataks.ch\/de\/wp-json\/wp\/v2\/pages\/261"}],"wp:attachment":[{"href":"https:\/\/ataks.ch\/de\/wp-json\/wp\/v2\/media?parent=735"}],"curies":[{"name":"wp","href":"https:\/\/api.w.org\/{rel}","templated":true}]}}