{"id":300,"date":"2023-09-06T17:15:49","date_gmt":"2023-09-06T15:15:49","guid":{"rendered":"https:\/\/ataks.ch\/?page_id=300"},"modified":"2023-10-27T12:40:37","modified_gmt":"2023-10-27T10:40:37","slug":"actualites","status":"publish","type":"page","link":"https:\/\/ataks.ch\/en\/actualites\/","title":{"rendered":"News"},"content":{"rendered":"<div data-elementor-type=\"wp-page\" data-elementor-id=\"300\" class=\"elementor elementor-300\" data-elementor-post-type=\"page\">\n\t\t\t\t<div class=\"elementor-element elementor-element-877638e e-flex e-con-boxed e-con e-parent\" data-id=\"877638e\" data-element_type=\"container\" data-e-type=\"container\" data-settings=\"{&quot;background_background&quot;:&quot;classic&quot;}\">\n\t\t\t\t\t<div class=\"e-con-inner\">\n\t\t<div class=\"elementor-element elementor-element-eb0f9c1 e-con-full e-flex e-con e-child\" data-id=\"eb0f9c1\" data-element_type=\"container\" data-e-type=\"container\">\n\t\t\t\t<div class=\"elementor-element elementor-element-992d5de elementor-widget elementor-widget-heading\" data-id=\"992d5de\" data-element_type=\"widget\" data-e-type=\"widget\" data-widget_type=\"heading.default\">\n\t\t\t\t<div class=\"elementor-widget-container\">\n\t\t\t\t\t<h1 class=\"elementor-heading-title elementor-size-default\">Medical equipment news<\/h1>\t\t\t\t<\/div>\n\t\t\t\t<\/div>\n\t\t\t\t<\/div>\n\t\t<div class=\"elementor-element elementor-element-9336ebb e-con-full e-flex e-con e-child\" data-id=\"9336ebb\" data-element_type=\"container\" data-e-type=\"container\">\n\t\t\t\t<\/div>\n\t\t\t\t\t<\/div>\n\t\t\t\t<\/div>\n\t\t<div class=\"elementor-element elementor-element-c265391 e-flex e-con-boxed e-con e-parent\" data-id=\"c265391\" data-element_type=\"container\" data-e-type=\"container\">\n\t\t\t\t\t<div class=\"e-con-inner\">\n\t\t\t\t<div class=\"elementor-element elementor-element-1839f5b elementor-widget elementor-widget-text-editor\" data-id=\"1839f5b\" data-element_type=\"widget\" data-e-type=\"widget\" data-widget_type=\"text-editor.default\">\n\t\t\t\t<div class=\"elementor-widget-container\">\n\t\t\t\t\t\t\t\t\t<p><span style=\"font-weight: 400;\">All the latest news, equipment and technologies in the medical sector:<br \/>neonatology, paediatrics, mammography, monitoring, neurology.<\/span><\/p>\t\t\t\t\t\t\t\t<\/div>\n\t\t\t\t<\/div>\n\t\t\t\t\t<\/div>\n\t\t\t\t<\/div>\n\t\t<div class=\"elementor-element elementor-element-478da9d e-flex e-con-boxed e-con e-parent\" data-id=\"478da9d\" data-element_type=\"container\" data-e-type=\"container\">\n\t\t\t\t\t<div class=\"e-con-inner\">\n\t\t\t\t<div class=\"elementor-element elementor-element-bffb758 elementor-grid-3 elementor-grid-tablet-2 elementor-grid-mobile-1 elementor-widget elementor-widget-loop-grid\" data-id=\"bffb758\" data-element_type=\"widget\" data-e-type=\"widget\" data-settings=\"{&quot;template_id&quot;:312,&quot;pagination_type&quot;:&quot;load_more_infinite_scroll&quot;,&quot;_skin&quot;:&quot;post&quot;,&quot;columns&quot;:&quot;3&quot;,&quot;columns_tablet&quot;:&quot;2&quot;,&quot;columns_mobile&quot;:&quot;1&quot;,&quot;edit_handle_selector&quot;:&quot;[data-elementor-type=\\&quot;loop-item\\&quot;]&quot;,&quot;load_more_spinner&quot;:{&quot;value&quot;:&quot;fas fa-spinner&quot;,&quot;library&quot;:&quot;fa-solid&quot;},&quot;row_gap&quot;:{&quot;unit&quot;:&quot;px&quot;,&quot;size&quot;:&quot;&quot;,&quot;sizes&quot;:[]},&quot;row_gap_tablet&quot;:{&quot;unit&quot;:&quot;px&quot;,&quot;size&quot;:&quot;&quot;,&quot;sizes&quot;:[]},&quot;row_gap_mobile&quot;:{&quot;unit&quot;:&quot;px&quot;,&quot;size&quot;:&quot;&quot;,&quot;sizes&quot;:[]}}\" data-widget_type=\"loop-grid.post\">\n\t\t\t\t<div class=\"elementor-widget-container\">\n\t\t\t\t\t\t\t<div class=\"elementor-loop-container elementor-grid\" role=\"list\">\n\t\t<style id=\"loop-312\">.elementor-312 .elementor-element.elementor-element-ec2cf10{--display:flex;box-shadow:0px 0px 10px 0px rgba(0, 0, 0, 0.16);--padding-top:0px;--padding-bottom:0px;--padding-left:0px;--padding-right:0px;}.elementor-widget-theme-post-featured-image .widget-image-caption{color:var( --e-global-color-text );font-family:var( --e-global-typography-text-font-family ), Sans-serif;font-weight:var( --e-global-typography-text-font-weight );}.elementor-312 .elementor-element.elementor-element-42d179f{--display:flex;--padding-top:1em;--padding-bottom:2em;--padding-left:2em;--padding-right:2em;}.elementor-widget-theme-post-title .elementor-heading-title{font-family:var( --e-global-typography-primary-font-family ), Sans-serif;font-weight:var( --e-global-typography-primary-font-weight );color:var( --e-global-color-primary );}.elementor-312 .elementor-element.elementor-element-5ed6d62 .elementor-heading-title{font-family:\"DIN\", Sans-serif;font-size:1.4em;font-weight:600;color:var( --e-global-color-secondary );}.elementor-widget-theme-post-excerpt .elementor-widget-container{font-family:var( --e-global-typography-text-font-family ), Sans-serif;font-weight:var( --e-global-typography-text-font-weight );color:var( --e-global-color-text );}.elementor-312 .elementor-element.elementor-element-990a21a .elementor-widget-container{font-family:\"Poppins\", Sans-serif;font-weight:400;}.elementor-312 .elementor-element.elementor-element-990a21a > .elementor-widget-container{margin:-14px 0px 0px 0px;}.elementor-widget-button .elementor-button{font-family:var( --e-global-typography-accent-font-family ), Sans-serif;font-weight:var( --e-global-typography-accent-font-weight );background-color:var( --e-global-color-accent );}.elementor-312 .elementor-element.elementor-element-9226799 .elementor-button{font-family:\"Roboto\", Sans-serif;font-size:1.1em;font-weight:500;line-height:22px;letter-spacing:0.6px;fill:var( --e-global-color-187cdfe );color:var( --e-global-color-187cdfe );background-color:var( --e-global-color-f4d7b15 );border-radius:53px 53px 53px 53px;padding:8px 14px 8px 14px;}.elementor-312 .elementor-element.elementor-element-9226799 .elementor-button:hover, .elementor-312 .elementor-element.elementor-element-9226799 .elementor-button:focus{color:var( --e-global-color-187cdfe );background-color:var( --e-global-color-primary );}.elementor-312 .elementor-element.elementor-element-9226799 .elementor-button:hover svg, .elementor-312 .elementor-element.elementor-element-9226799 .elementor-button:focus svg{fill:var( --e-global-color-187cdfe );}.elementor-312 .elementor-element.elementor-element-9226799 > .elementor-widget-container{margin:0em 0em 0em 0em;}<\/style>\t\t<div data-elementor-type=\"loop-item\" data-elementor-id=\"312\" class=\"elementor elementor-312 e-loop-item e-loop-item-305 post-305 post type-post status-publish format-standard has-post-thumbnail hentry category-non-classe\" data-elementor-post-type=\"elementor_library\" data-custom-edit-handle=\"1\">\n\t\t\t<div class=\"elementor-element elementor-element-ec2cf10 e-flex e-con-boxed e-con e-parent\" data-id=\"ec2cf10\" data-element_type=\"container\" data-e-type=\"container\">\n\t\t\t\t\t<div class=\"e-con-inner\">\n\t\t\t\t<div class=\"elementor-element elementor-element-e177051 elementor-widget elementor-widget-theme-post-featured-image elementor-widget-image\" data-id=\"e177051\" data-element_type=\"widget\" data-e-type=\"widget\" data-widget_type=\"theme-post-featured-image.default\">\n\t\t\t\t<div class=\"elementor-widget-container\">\n\t\t\t\t\t\t\t\t\t\t\t\t\t\t\t\t<a href=\"https:\/\/ataks.ch\/en\/2023\/09\/06\/congres-neonatologie\/\">\n\t\t\t\t\t\t\t<img fetchpriority=\"high\" decoding=\"async\" width=\"800\" height=\"359\" src=\"https:\/\/ataks.ch\/wp-content\/uploads\/2023\/09\/20230509_SSN_Aarau.png\" class=\"attachment-large size-large wp-image-539\" alt=\"\" srcset=\"https:\/\/ataks.ch\/wp-content\/uploads\/2023\/09\/20230509_SSN_Aarau.png 859w, https:\/\/ataks.ch\/wp-content\/uploads\/2023\/09\/20230509_SSN_Aarau-300x135.png 300w, https:\/\/ataks.ch\/wp-content\/uploads\/2023\/09\/20230509_SSN_Aarau-768x345.png 768w\" sizes=\"(max-width: 800px) 100vw, 800px\" \/>\t\t\t\t\t\t\t\t<\/a>\n\t\t\t\t\t\t\t\t\t\t\t\t\t\t\t<\/div>\n\t\t\t\t<\/div>\n\t\t<div class=\"elementor-element elementor-element-42d179f e-flex e-con-boxed e-con e-child\" data-id=\"42d179f\" data-element_type=\"container\" data-e-type=\"container\">\n\t\t\t\t\t<div class=\"e-con-inner\">\n\t\t\t\t<div class=\"elementor-element elementor-element-5ed6d62 elementor-widget elementor-widget-theme-post-title elementor-page-title elementor-widget-heading\" data-id=\"5ed6d62\" data-element_type=\"widget\" data-e-type=\"widget\" data-widget_type=\"theme-post-title.default\">\n\t\t\t\t<div class=\"elementor-widget-container\">\n\t\t\t\t\t<h1 class=\"elementor-heading-title elementor-size-default\">Congress of Neonatology - Aarau May 2023<\/h1>\t\t\t\t<\/div>\n\t\t\t\t<\/div>\n\t\t\t\t<div class=\"elementor-element elementor-element-990a21a elementor-widget elementor-widget-theme-post-excerpt\" data-id=\"990a21a\" data-element_type=\"widget\" data-e-type=\"widget\" data-widget_type=\"theme-post-excerpt.default\">\n\t\t\t\t<div class=\"elementor-widget-container\">\n\t\t\t\t\tAtaks was present at the annual meeting of the Swiss Neonatology Society in Aarau on 9 May. Our stand featured the YP 3100B baby incubator from Ningbo David.\t\t\t\t<\/div>\n\t\t\t\t<\/div>\n\t\t\t\t<div class=\"elementor-element elementor-element-9226799 elementor-align-left elementor-widget elementor-widget-button\" data-id=\"9226799\" data-element_type=\"widget\" data-e-type=\"widget\" data-widget_type=\"button.default\">\n\t\t\t\t<div class=\"elementor-widget-container\">\n\t\t\t\t\t\t\t\t\t<div class=\"elementor-button-wrapper\">\n\t\t\t\t\t<a class=\"elementor-button elementor-button-link elementor-size-sm elementor-animation-float\" href=\"https:\/\/ataks.ch\/en\/2023\/09\/06\/congres-neonatologie\/\">\n\t\t\t\t\t\t<span class=\"elementor-button-content-wrapper\">\n\t\t\t\t\t\t\t\t\t<span class=\"elementor-button-text\">Read the article<\/span>\n\t\t\t\t\t<\/span>\n\t\t\t\t\t<\/a>\n\t\t\t\t<\/div>\n\t\t\t\t\t\t\t\t<\/div>\n\t\t\t\t<\/div>\n\t\t\t\t\t<\/div>\n\t\t\t\t<\/div>\n\t\t\t\t\t<\/div>\n\t\t\t\t<\/div>\n\t\t\t\t<\/div>\n\t\t\t\t<div data-elementor-type=\"loop-item\" data-elementor-id=\"312\" class=\"elementor elementor-312 e-loop-item e-loop-item-1 post-1 post type-post status-publish format-standard has-post-thumbnail hentry category-non-classe\" data-elementor-post-type=\"elementor_library\" data-custom-edit-handle=\"1\">\n\t\t\t<div class=\"elementor-element elementor-element-ec2cf10 e-flex e-con-boxed e-con e-parent\" data-id=\"ec2cf10\" data-element_type=\"container\" data-e-type=\"container\">\n\t\t\t\t\t<div class=\"e-con-inner\">\n\t\t\t\t<div class=\"elementor-element elementor-element-e177051 elementor-widget elementor-widget-theme-post-featured-image elementor-widget-image\" data-id=\"e177051\" data-element_type=\"widget\" data-e-type=\"widget\" data-widget_type=\"theme-post-featured-image.default\">\n\t\t\t\t<div class=\"elementor-widget-container\">\n\t\t\t\t\t\t\t\t\t\t\t\t\t\t\t\t<a href=\"https:\/\/ataks.ch\/en\/2023\/01\/23\/arab-health\/\">\n\t\t\t\t\t\t\t<img decoding=\"async\" width=\"800\" height=\"533\" src=\"https:\/\/ataks.ch\/wp-content\/uploads\/2023\/09\/1-3.png\" class=\"attachment-large size-large wp-image-428\" alt=\"\" srcset=\"https:\/\/ataks.ch\/wp-content\/uploads\/2023\/09\/1-3.png 800w, https:\/\/ataks.ch\/wp-content\/uploads\/2023\/09\/1-3-300x200.png 300w, https:\/\/ataks.ch\/wp-content\/uploads\/2023\/09\/1-3-768x512.png 768w\" sizes=\"(max-width: 800px) 100vw, 800px\" \/>\t\t\t\t\t\t\t\t<\/a>\n\t\t\t\t\t\t\t\t\t\t\t\t\t\t\t<\/div>\n\t\t\t\t<\/div>\n\t\t<div class=\"elementor-element elementor-element-42d179f e-flex e-con-boxed e-con e-child\" data-id=\"42d179f\" data-element_type=\"container\" data-e-type=\"container\">\n\t\t\t\t\t<div class=\"e-con-inner\">\n\t\t\t\t<div class=\"elementor-element elementor-element-5ed6d62 elementor-widget elementor-widget-theme-post-title elementor-page-title elementor-widget-heading\" data-id=\"5ed6d62\" data-element_type=\"widget\" data-e-type=\"widget\" data-widget_type=\"theme-post-title.default\">\n\t\t\t\t<div class=\"elementor-widget-container\">\n\t\t\t\t\t<h1 class=\"elementor-heading-title elementor-size-default\">Arab Health, the must-have!<\/h1>\t\t\t\t<\/div>\n\t\t\t\t<\/div>\n\t\t\t\t<div class=\"elementor-element elementor-element-990a21a elementor-widget elementor-widget-theme-post-excerpt\" data-id=\"990a21a\" data-element_type=\"widget\" data-e-type=\"widget\" data-widget_type=\"theme-post-excerpt.default\">\n\t\t\t\t<div class=\"elementor-widget-container\">\n\t\t\t\t\tArab Health is one of the trade fairs where the Middle East's medical and scientific community meets the world's leading manufacturers, wholesalers and distributors.\nAtaks had the pleasure of taking part.\t\t\t\t<\/div>\n\t\t\t\t<\/div>\n\t\t\t\t<div class=\"elementor-element elementor-element-9226799 elementor-align-left elementor-widget elementor-widget-button\" data-id=\"9226799\" data-element_type=\"widget\" data-e-type=\"widget\" data-widget_type=\"button.default\">\n\t\t\t\t<div class=\"elementor-widget-container\">\n\t\t\t\t\t\t\t\t\t<div class=\"elementor-button-wrapper\">\n\t\t\t\t\t<a class=\"elementor-button elementor-button-link elementor-size-sm elementor-animation-float\" href=\"https:\/\/ataks.ch\/en\/2023\/01\/23\/arab-health\/\">\n\t\t\t\t\t\t<span class=\"elementor-button-content-wrapper\">\n\t\t\t\t\t\t\t\t\t<span class=\"elementor-button-text\">Read the article<\/span>\n\t\t\t\t\t<\/span>\n\t\t\t\t\t<\/a>\n\t\t\t\t<\/div>\n\t\t\t\t\t\t\t\t<\/div>\n\t\t\t\t<\/div>\n\t\t\t\t\t<\/div>\n\t\t\t\t<\/div>\n\t\t\t\t\t<\/div>\n\t\t\t\t<\/div>\n\t\t\t\t<\/div>\n\t\t\t\t<\/div>\n\t\t\t\t\t<span class=\"e-load-more-spinner\">\n\t\t\t\t<svg aria-hidden=\"true\" class=\"e-font-icon-svg e-fas-spinner\" viewbox=\"0 0 512 512\" xmlns=\"http:\/\/www.w3.org\/2000\/svg\"><path d=\"M304 48c0 26.51-21.49 48-48 48s-48-21.49-48-48 21.49-48 48-48 48 21.49 48 48zm-48 368c-26.51 0-48 21.49-48 48s21.49 48 48 48 48-21.49 48-48-21.49-48-48-48zm208-208c-26.51 0-48 21.49-48 48s21.49 48 48 48 48-21.49 48-48-21.49-48-48-48zM96 256c0-26.51-21.49-48-48-48S0 229.49 0 256s21.49 48 48 48 48-21.49 48-48zm12.922 99.078c-26.51 0-48 21.49-48 48s21.49 48 48 48 48-21.49 48-48c0-26.509-21.491-48-48-48zm294.156 0c-26.51 0-48 21.49-48 48s21.49 48 48 48 48-21.49 48-48c0-26.509-21.49-48-48-48zM108.922 60.922c-26.51 0-48 21.49-48 48s21.49 48 48 48 48-21.49 48-48-21.491-48-48-48z\"><\/path><\/svg>\t\t\t<\/span>\n\t\t\n\t\t\t\t\t\t<\/div>\n\t\t\t\t<\/div>\n\t\t\t\t\t<\/div>\n\t\t\t\t<\/div>\n\t\t\t\t<\/div>","protected":false},"excerpt":{"rendered":"<p>Actualit\u00e9 \u00e9quipements m\u00e9dicaux Toutes les nouveaut\u00e9s, \u00e9quipements et technologies dans le secteur m\u00e9dical\u00a0:n\u00e9onatologie, p\u00e9diatrie, mammographie, monitoring, neurologie.<\/p>","protected":false},"author":1,"featured_media":0,"parent":0,"menu_order":0,"comment_status":"closed","ping_status":"closed","template":"elementor_header_footer","meta":{"footnotes":""},"class_list":["post-300","page","type-page","status-publish","hentry"],"yoast_head":"<!-- This site is optimized with the Yoast SEO plugin v27.4 - https:\/\/yoast.com\/product\/yoast-seo-wordpress\/ -->\n<title>Actualit\u00e9 n\u00e9onatologie, mammographie, neurologie\u2026<\/title>\n<meta name=\"description\" content=\"Retrouvez toute l\u2019actualit\u00e9 des \u00e9quipements m\u00e9dicaux dans le domaine de la p\u00e9diatrie, n\u00e9onatologie, neurologie, imagerie m\u00e9dicale\u2026\" \/>\n<meta name=\"robots\" content=\"index, follow, max-snippet:-1, max-image-preview:large, max-video-preview:-1\" \/>\n<link rel=\"canonical\" href=\"https:\/\/ataks.ch\/en\/actualites\/\" \/>\n<meta property=\"og:locale\" content=\"en_GB\" \/>\n<meta property=\"og:type\" content=\"article\" \/>\n<meta property=\"og:title\" content=\"Actualit\u00e9 n\u00e9onatologie, mammographie, neurologie\u2026\" \/>\n<meta property=\"og:description\" content=\"Retrouvez toute l\u2019actualit\u00e9 des \u00e9quipements m\u00e9dicaux dans le domaine de la p\u00e9diatrie, n\u00e9onatologie, neurologie, imagerie m\u00e9dicale\u2026\" \/>\n<meta property=\"og:url\" content=\"https:\/\/ataks.ch\/en\/actualites\/\" \/>\n<meta property=\"og:site_name\" content=\"Ataks\" \/>\n<meta property=\"article:modified_time\" content=\"2023-10-27T10:40:37+00:00\" \/>\n<meta name=\"twitter:card\" content=\"summary_large_image\" \/>\n<meta name=\"twitter:label1\" content=\"Estimated reading time\" \/>\n\t<meta name=\"twitter:data1\" content=\"2 minutes\" \/>\n<script type=\"application\/ld+json\" class=\"yoast-schema-graph\">{\"@context\":\"https:\\\/\\\/schema.org\",\"@graph\":[{\"@type\":\"WebPage\",\"@id\":\"https:\\\/\\\/ataks.ch\\\/actualites\\\/\",\"url\":\"https:\\\/\\\/ataks.ch\\\/actualites\\\/\",\"name\":\"Actualit\u00e9 n\u00e9onatologie, mammographie, neurologie\u2026\",\"isPartOf\":{\"@id\":\"https:\\\/\\\/ataks.ch\\\/#website\"},\"datePublished\":\"2023-09-06T15:15:49+00:00\",\"dateModified\":\"2023-10-27T10:40:37+00:00\",\"description\":\"Retrouvez toute l\u2019actualit\u00e9 des \u00e9quipements m\u00e9dicaux dans le domaine de la p\u00e9diatrie, n\u00e9onatologie, neurologie, imagerie m\u00e9dicale\u2026\",\"breadcrumb\":{\"@id\":\"https:\\\/\\\/ataks.ch\\\/actualites\\\/#breadcrumb\"},\"inLanguage\":\"en-GB\",\"potentialAction\":[{\"@type\":\"ReadAction\",\"target\":[\"https:\\\/\\\/ataks.ch\\\/actualites\\\/\"]}]},{\"@type\":\"BreadcrumbList\",\"@id\":\"https:\\\/\\\/ataks.ch\\\/actualites\\\/#breadcrumb\",\"itemListElement\":[{\"@type\":\"ListItem\",\"position\":1,\"name\":\"Accueil\",\"item\":\"https:\\\/\\\/ataks.ch\\\/\"},{\"@type\":\"ListItem\",\"position\":2,\"name\":\"Actualit\u00e9s\"}]},{\"@type\":\"WebSite\",\"@id\":\"https:\\\/\\\/ataks.ch\\\/#website\",\"url\":\"https:\\\/\\\/ataks.ch\\\/\",\"name\":\"Ataks\",\"description\":\"Solutions pour l\u2019\u00e9quipement m\u00e9dical en milieu hospitalier\",\"publisher\":{\"@id\":\"https:\\\/\\\/ataks.ch\\\/#organization\"},\"potentialAction\":[{\"@type\":\"SearchAction\",\"target\":{\"@type\":\"EntryPoint\",\"urlTemplate\":\"https:\\\/\\\/ataks.ch\\\/?s={search_term_string}\"},\"query-input\":{\"@type\":\"PropertyValueSpecification\",\"valueRequired\":true,\"valueName\":\"search_term_string\"}}],\"inLanguage\":\"en-GB\"},{\"@type\":\"Organization\",\"@id\":\"https:\\\/\\\/ataks.ch\\\/#organization\",\"name\":\"Ataks\",\"url\":\"https:\\\/\\\/ataks.ch\\\/\",\"logo\":{\"@type\":\"ImageObject\",\"inLanguage\":\"en-GB\",\"@id\":\"https:\\\/\\\/ataks.ch\\\/#\\\/schema\\\/logo\\\/image\\\/\",\"url\":\"https:\\\/\\\/ataks.ch\\\/wp-content\\\/uploads\\\/2023\\\/09\\\/Logo-Ataks.png\",\"contentUrl\":\"https:\\\/\\\/ataks.ch\\\/wp-content\\\/uploads\\\/2023\\\/09\\\/Logo-Ataks.png\",\"width\":2880,\"height\":967,\"caption\":\"Ataks\"},\"image\":{\"@id\":\"https:\\\/\\\/ataks.ch\\\/#\\\/schema\\\/logo\\\/image\\\/\"}}]}<\/script>\n<!-- \/ Yoast SEO plugin. -->","yoast_head_json":{"title":"Actualit\u00e9 n\u00e9onatologie, mammographie, neurologie\u2026","description":"Retrouvez toute l\u2019actualit\u00e9 des \u00e9quipements m\u00e9dicaux dans le domaine de la p\u00e9diatrie, n\u00e9onatologie, neurologie, imagerie m\u00e9dicale\u2026","robots":{"index":"index","follow":"follow","max-snippet":"max-snippet:-1","max-image-preview":"max-image-preview:large","max-video-preview":"max-video-preview:-1"},"canonical":"https:\/\/ataks.ch\/en\/actualites\/","og_locale":"en_GB","og_type":"article","og_title":"Actualit\u00e9 n\u00e9onatologie, mammographie, neurologie\u2026","og_description":"Retrouvez toute l\u2019actualit\u00e9 des \u00e9quipements m\u00e9dicaux dans le domaine de la p\u00e9diatrie, n\u00e9onatologie, neurologie, imagerie m\u00e9dicale\u2026","og_url":"https:\/\/ataks.ch\/en\/actualites\/","og_site_name":"Ataks","article_modified_time":"2023-10-27T10:40:37+00:00","twitter_card":"summary_large_image","twitter_misc":{"Estimated reading time":"2 minutes"},"schema":{"@context":"https:\/\/schema.org","@graph":[{"@type":"WebPage","@id":"https:\/\/ataks.ch\/actualites\/","url":"https:\/\/ataks.ch\/actualites\/","name":"Actualit\u00e9 n\u00e9onatologie, mammographie, neurologie\u2026","isPartOf":{"@id":"https:\/\/ataks.ch\/#website"},"datePublished":"2023-09-06T15:15:49+00:00","dateModified":"2023-10-27T10:40:37+00:00","description":"Retrouvez toute l\u2019actualit\u00e9 des \u00e9quipements m\u00e9dicaux dans le domaine de la p\u00e9diatrie, n\u00e9onatologie, neurologie, imagerie m\u00e9dicale\u2026","breadcrumb":{"@id":"https:\/\/ataks.ch\/actualites\/#breadcrumb"},"inLanguage":"en-GB","potentialAction":[{"@type":"ReadAction","target":["https:\/\/ataks.ch\/actualites\/"]}]},{"@type":"BreadcrumbList","@id":"https:\/\/ataks.ch\/actualites\/#breadcrumb","itemListElement":[{"@type":"ListItem","position":1,"name":"Accueil","item":"https:\/\/ataks.ch\/"},{"@type":"ListItem","position":2,"name":"Actualit\u00e9s"}]},{"@type":"WebSite","@id":"https:\/\/ataks.ch\/#website","url":"https:\/\/ataks.ch\/","name":"Ataks","description":"Solutions for hospital medical equipment","publisher":{"@id":"https:\/\/ataks.ch\/#organization"},"potentialAction":[{"@type":"SearchAction","target":{"@type":"EntryPoint","urlTemplate":"https:\/\/ataks.ch\/?s={search_term_string}"},"query-input":{"@type":"PropertyValueSpecification","valueRequired":true,"valueName":"search_term_string"}}],"inLanguage":"en-GB"},{"@type":"Organization","@id":"https:\/\/ataks.ch\/#organization","name":"Ataks","url":"https:\/\/ataks.ch\/","logo":{"@type":"ImageObject","inLanguage":"en-GB","@id":"https:\/\/ataks.ch\/#\/schema\/logo\/image\/","url":"https:\/\/ataks.ch\/wp-content\/uploads\/2023\/09\/Logo-Ataks.png","contentUrl":"https:\/\/ataks.ch\/wp-content\/uploads\/2023\/09\/Logo-Ataks.png","width":2880,"height":967,"caption":"Ataks"},"image":{"@id":"https:\/\/ataks.ch\/#\/schema\/logo\/image\/"}}]}},"_links":{"self":[{"href":"https:\/\/ataks.ch\/en\/wp-json\/wp\/v2\/pages\/300","targetHints":{"allow":["GET"]}}],"collection":[{"href":"https:\/\/ataks.ch\/en\/wp-json\/wp\/v2\/pages"}],"about":[{"href":"https:\/\/ataks.ch\/en\/wp-json\/wp\/v2\/types\/page"}],"author":[{"embeddable":true,"href":"https:\/\/ataks.ch\/en\/wp-json\/wp\/v2\/users\/1"}],"replies":[{"embeddable":true,"href":"https:\/\/ataks.ch\/en\/wp-json\/wp\/v2\/comments?post=300"}],"version-history":[{"count":19,"href":"https:\/\/ataks.ch\/en\/wp-json\/wp\/v2\/pages\/300\/revisions"}],"predecessor-version":[{"id":649,"href":"https:\/\/ataks.ch\/en\/wp-json\/wp\/v2\/pages\/300\/revisions\/649"}],"wp:attachment":[{"href":"https:\/\/ataks.ch\/en\/wp-json\/wp\/v2\/media?parent=300"}],"curies":[{"name":"wp","href":"https:\/\/api.w.org\/{rel}","templated":true}]}}