{"id":362,"date":"2023-09-07T10:02:56","date_gmt":"2023-09-07T08:02:56","guid":{"rendered":"https:\/\/ataks.ch\/?page_id=362"},"modified":"2023-09-07T10:09:40","modified_gmt":"2023-09-07T08:09:40","slug":"nlpd","status":"publish","type":"page","link":"https:\/\/ataks.ch\/en\/nlpd\/","title":{"rendered":"nLPD"},"content":{"rendered":"<div data-elementor-type=\"wp-page\" data-elementor-id=\"362\" class=\"elementor elementor-362\" data-elementor-post-type=\"page\">\n\t\t\t\t<div class=\"elementor-element elementor-element-55eca5c e-flex e-con-boxed e-con e-parent\" data-id=\"55eca5c\" data-element_type=\"container\" data-e-type=\"container\" data-settings=\"{&quot;background_background&quot;:&quot;classic&quot;}\">\n\t\t\t\t\t<div class=\"e-con-inner\">\n\t\t<div class=\"elementor-element elementor-element-8ace418 e-con-full e-flex e-con e-child\" data-id=\"8ace418\" data-element_type=\"container\" data-e-type=\"container\">\n\t\t\t\t<div class=\"elementor-element elementor-element-38231fc elementor-widget elementor-widget-heading\" data-id=\"38231fc\" data-element_type=\"widget\" data-e-type=\"widget\" data-widget_type=\"heading.default\">\n\t\t\t\t<div class=\"elementor-widget-container\">\n\t\t\t\t\t<h1 class=\"elementor-heading-title elementor-size-default\">New Data Protection Act<\/h1>\t\t\t\t<\/div>\n\t\t\t\t<\/div>\n\t\t\t\t<\/div>\n\t\t<div class=\"elementor-element elementor-element-ddb03ad e-con-full e-flex e-con e-child\" data-id=\"ddb03ad\" data-element_type=\"container\" data-e-type=\"container\">\n\t\t\t\t<\/div>\n\t\t\t\t\t<\/div>\n\t\t\t\t<\/div>\n\t\t<div class=\"elementor-element elementor-element-ea3ec36 e-flex e-con-boxed e-con e-parent\" data-id=\"ea3ec36\" data-element_type=\"container\" data-e-type=\"container\">\n\t\t\t\t\t<div class=\"e-con-inner\">\n\t\t\t\t<div class=\"elementor-element elementor-element-ab3c9ef elementor-widget elementor-widget-text-editor\" data-id=\"ab3c9ef\" data-element_type=\"widget\" data-e-type=\"widget\" data-widget_type=\"text-editor.default\">\n\t\t\t\t<div class=\"elementor-widget-container\">\n\t\t\t\t\t\t\t\t\t<p><span style=\"font-weight: 400;\">European regulations on the protection of personal data are undergoing a major change, resulting in the General Data Protection Regulation (nLPD) of 27 April 2017, which came into force on 25 May 2018.<\/span><\/p>\n<p><span style=\"font-weight: 400;\">Our company, anxious to comply with regulations capable of improving relations with our European customers, has complied and expresses in this charter its attachment to the quality of service provided to our customers, whether they are Individuals or Professionals.<\/span><\/p>\n<p><span style=\"font-weight: 400;\">This new regulation, which applies to European citizens who are not professionals and are therefore considered to be 'individuals', strengthens the citizen's own control over the use of his or her data. The regulation applies to all processing of personal data, whether automated or non-automated, regardless of whether the data is contained in a file or is intended for inclusion in a file.<\/span><\/p>\n<h2><span style=\"font-weight: 400;\">What is personal data for an individual?<\/span><\/h2>\n<p><span style=\"font-weight: 400;\">By definition, personal data is: \"Any information relating to a natural person identified directly (surname, first name) or indirectly (by an identifier, customer number, telephone number, etc.). The identification of a natural person may be based on a single piece of data (ABS or SS number) or on the cross-referencing of a set of data.<\/span><\/p>\n<h2><span style=\"font-weight: 400;\">What personal data may we collect?<\/span><\/h2>\n<p><span style=\"font-weight: 400;\">We only collect appropriate and relevant data, strictly limited to carrying out the service you have ordered and, with your consent, data relating to our commercial and canvassing activities.<\/span><\/p>\n<h2><span style=\"font-weight: 400;\">Why do we need to collect and process your personal data?<\/span><\/h2>\n<p><span style=\"font-weight: 400;\">Your personal data is collected and processed to enable us to conclude, manage, modify and execute the service you have ordered and, with your consent, to inform you of the services and products available to you from Ataks SA.<\/span><\/p>\n<h2><span style=\"font-weight: 400;\">To whom are your personal details transmitted?<\/span><\/h2>\n<p><span style=\"font-weight: 400;\">Your personal data is intended for Ataks SA employees according to their function and for some of our subcontractors. All members of our staff have been trained and comply with the nLPD. Our subcontractors also comply with the requirements of the nLPD in order to ensure that the service ordered is carried out correctly. None of the information collected is transferred or sold to a third party who is not a recognised subcontractor. Data is hosted exclusively in Switzerland and Europe.<\/span><\/p>\n<h2><span style=\"font-weight: 400;\">How long do we keep your personal data?<\/span><\/h2>\n<p><span style=\"font-weight: 400;\">Personal data collected and processed as part of an ordered service, a commercial contact or a sales follow-up is kept in accordance with the statutory limitation periods set according to the nature of the contract and in compliance with Swiss rules, i.e. 10 years. In the case of commercial canvassing, personal data is kept for 2 years from the date of collection or last contact with the person concerned. The data is then anonymised in order to preserve the basis for the company's statistical studies.<\/span><\/p>\n<h2><span style=\"font-weight: 400;\">What security measures are in place to protect your data?<\/span><\/h2>\n<p><span style=\"font-weight: 400;\">In accordance with the applicable General Regulation on the Protection of Personal Data, you have a number of rights:<\/span><\/p>\n<ul>\n<li style=\"font-weight: 400;\" aria-level=\"1\"><span style=\"font-weight: 400;\">Right of access: you can obtain information about the processing of your personal data and a copy of that data.<\/span><\/li>\n<li style=\"font-weight: 400;\" aria-level=\"1\"><span style=\"font-weight: 400;\">Right of rectification: if you believe that your personal data is inaccurate or incomplete, you may request that it be amended accordingly.<\/span><\/li>\n<li style=\"font-weight: 400;\" aria-level=\"1\"><span style=\"font-weight: 400;\">Right to erasure: you may request the erasure of your personal data to the extent permitted by law.<\/span><\/li>\n<li style=\"font-weight: 400;\" aria-level=\"1\"><span style=\"font-weight: 400;\">Right to limit processing: you may request that the processing of your personal data be limited.<\/span><\/li>\n<li style=\"font-weight: 400;\" aria-level=\"1\"><span style=\"font-weight: 400;\">Right to object: you may object to the processing of your personal data on grounds relating to your particular situation. You have the absolute right to object to the processing of your personal data for the purposes of commercial canvassing, including the profiling associated with such canvassing.<\/span><\/li>\n<li style=\"font-weight: 400;\" aria-level=\"1\"><span style=\"font-weight: 400;\">You have the right to define directives concerning the conservation, deletion or communication of your personal data, applicable after your death.<\/span><\/li>\n<li style=\"font-weight: 400;\" aria-level=\"1\"><span style=\"font-weight: 400;\">Right to withdraw your consent: if you have given your consent to the processing of your personal data, you have the right to withdraw your consent at any time.<\/span><\/li>\n<\/ul>\n<p><span style=\"font-weight: 400;\">You can exercise these rights by writing to the Ataks SA DPO -&nbsp;<\/span><span style=\"background-color: rgb(185, 225, 245);\">Rue des Alpes 7, 1201 Geneva<\/span><span style=\"font-weight: 400;\">&nbsp;or by email to&nbsp;<\/span><span style=\"background-color: rgb(185, 225, 245);\">info@ataks.ch<\/span><span style=\"font-weight: 400;\">.<\/span><\/p>\n<h2><span style=\"font-weight: 400;\">What rights do you have?<\/span><\/h2>\n<p><span style=\"font-weight: 400;\">By definition, personal data is: \"Any information relating to a natural person identified directly (surname, first name) or indirectly (by an identifier, customer number, telephone number, etc.). The identification of a natural person may be based on a single piece of data (ABS or SS number) or on the cross-referencing of a set of data.<\/span><\/p>\t\t\t\t\t\t\t\t<\/div>\n\t\t\t\t<\/div>\n\t\t\t\t\t<\/div>\n\t\t\t\t<\/div>\n\t\t\t\t<\/div>","protected":false},"excerpt":{"rendered":"<p>Nouvelle Loi sur la Protection des Donn\u00e9es La r\u00e9glementation europ\u00e9enne relative \u00e0 la protection des donn\u00e9es \u00e0 caract\u00e8re personnel connait une \u00e9volution majeure qui a donn\u00e9e lieu au R\u00e8glement General \u00e0 la Protection des Donn\u00e9es \u00ab nLPD \u00bb du 27 avril 2017 mis en vigueur le 25 mai 2018. Notre soci\u00e9t\u00e9, soucieuse de respecter les [&hellip;]<\/p>","protected":false},"author":1,"featured_media":0,"parent":0,"menu_order":0,"comment_status":"closed","ping_status":"closed","template":"elementor_header_footer","meta":{"footnotes":""},"class_list":["post-362","page","type-page","status-publish","hentry"],"yoast_head":"<!-- This site is optimized with the Yoast SEO plugin v27.4 - https:\/\/yoast.com\/product\/yoast-seo-wordpress\/ -->\n<title>nLPD - Ataks<\/title>\n<meta name=\"robots\" content=\"index, follow, max-snippet:-1, max-image-preview:large, max-video-preview:-1\" \/>\n<link rel=\"canonical\" href=\"https:\/\/ataks.ch\/en\/nlpd\/\" \/>\n<meta property=\"og:locale\" content=\"en_GB\" \/>\n<meta property=\"og:type\" content=\"article\" \/>\n<meta property=\"og:title\" content=\"nLPD - Ataks\" \/>\n<meta property=\"og:description\" content=\"Nouvelle Loi sur la Protection des Donn\u00e9es La r\u00e9glementation europ\u00e9enne relative \u00e0 la protection des donn\u00e9es \u00e0 caract\u00e8re personnel connait une \u00e9volution majeure qui a donn\u00e9e lieu au R\u00e8glement General \u00e0 la Protection des Donn\u00e9es \u00ab nLPD \u00bb du 27 avril 2017 mis en vigueur le 25 mai 2018. Notre soci\u00e9t\u00e9, soucieuse de respecter les [&hellip;]\" \/>\n<meta property=\"og:url\" content=\"https:\/\/ataks.ch\/en\/nlpd\/\" \/>\n<meta property=\"og:site_name\" content=\"Ataks\" \/>\n<meta property=\"article:modified_time\" content=\"2023-09-07T08:09:40+00:00\" \/>\n<meta name=\"twitter:card\" content=\"summary_large_image\" \/>\n<meta name=\"twitter:label1\" content=\"Estimated reading time\" \/>\n\t<meta name=\"twitter:data1\" content=\"4 minutes\" \/>\n<script type=\"application\/ld+json\" class=\"yoast-schema-graph\">{\"@context\":\"https:\\\/\\\/schema.org\",\"@graph\":[{\"@type\":\"WebPage\",\"@id\":\"https:\\\/\\\/ataks.ch\\\/nlpd\\\/\",\"url\":\"https:\\\/\\\/ataks.ch\\\/nlpd\\\/\",\"name\":\"nLPD - Ataks\",\"isPartOf\":{\"@id\":\"https:\\\/\\\/ataks.ch\\\/#website\"},\"datePublished\":\"2023-09-07T08:02:56+00:00\",\"dateModified\":\"2023-09-07T08:09:40+00:00\",\"breadcrumb\":{\"@id\":\"https:\\\/\\\/ataks.ch\\\/nlpd\\\/#breadcrumb\"},\"inLanguage\":\"en-GB\",\"potentialAction\":[{\"@type\":\"ReadAction\",\"target\":[\"https:\\\/\\\/ataks.ch\\\/nlpd\\\/\"]}]},{\"@type\":\"BreadcrumbList\",\"@id\":\"https:\\\/\\\/ataks.ch\\\/nlpd\\\/#breadcrumb\",\"itemListElement\":[{\"@type\":\"ListItem\",\"position\":1,\"name\":\"Accueil\",\"item\":\"https:\\\/\\\/ataks.ch\\\/\"},{\"@type\":\"ListItem\",\"position\":2,\"name\":\"nLPD\"}]},{\"@type\":\"WebSite\",\"@id\":\"https:\\\/\\\/ataks.ch\\\/#website\",\"url\":\"https:\\\/\\\/ataks.ch\\\/\",\"name\":\"Ataks\",\"description\":\"Solutions pour l\u2019\u00e9quipement m\u00e9dical en milieu hospitalier\",\"publisher\":{\"@id\":\"https:\\\/\\\/ataks.ch\\\/#organization\"},\"potentialAction\":[{\"@type\":\"SearchAction\",\"target\":{\"@type\":\"EntryPoint\",\"urlTemplate\":\"https:\\\/\\\/ataks.ch\\\/?s={search_term_string}\"},\"query-input\":{\"@type\":\"PropertyValueSpecification\",\"valueRequired\":true,\"valueName\":\"search_term_string\"}}],\"inLanguage\":\"en-GB\"},{\"@type\":\"Organization\",\"@id\":\"https:\\\/\\\/ataks.ch\\\/#organization\",\"name\":\"Ataks\",\"url\":\"https:\\\/\\\/ataks.ch\\\/\",\"logo\":{\"@type\":\"ImageObject\",\"inLanguage\":\"en-GB\",\"@id\":\"https:\\\/\\\/ataks.ch\\\/#\\\/schema\\\/logo\\\/image\\\/\",\"url\":\"https:\\\/\\\/ataks.ch\\\/wp-content\\\/uploads\\\/2023\\\/09\\\/Logo-Ataks.png\",\"contentUrl\":\"https:\\\/\\\/ataks.ch\\\/wp-content\\\/uploads\\\/2023\\\/09\\\/Logo-Ataks.png\",\"width\":2880,\"height\":967,\"caption\":\"Ataks\"},\"image\":{\"@id\":\"https:\\\/\\\/ataks.ch\\\/#\\\/schema\\\/logo\\\/image\\\/\"}}]}<\/script>\n<!-- \/ Yoast SEO plugin. -->","yoast_head_json":{"title":"nLPD - Ataks","robots":{"index":"index","follow":"follow","max-snippet":"max-snippet:-1","max-image-preview":"max-image-preview:large","max-video-preview":"max-video-preview:-1"},"canonical":"https:\/\/ataks.ch\/en\/nlpd\/","og_locale":"en_GB","og_type":"article","og_title":"nLPD - Ataks","og_description":"Nouvelle Loi sur la Protection des Donn\u00e9es La r\u00e9glementation europ\u00e9enne relative \u00e0 la protection des donn\u00e9es \u00e0 caract\u00e8re personnel connait une \u00e9volution majeure qui a donn\u00e9e lieu au R\u00e8glement General \u00e0 la Protection des Donn\u00e9es \u00ab nLPD \u00bb du 27 avril 2017 mis en vigueur le 25 mai 2018. Notre soci\u00e9t\u00e9, soucieuse de respecter les [&hellip;]","og_url":"https:\/\/ataks.ch\/en\/nlpd\/","og_site_name":"Ataks","article_modified_time":"2023-09-07T08:09:40+00:00","twitter_card":"summary_large_image","twitter_misc":{"Estimated reading time":"4 minutes"},"schema":{"@context":"https:\/\/schema.org","@graph":[{"@type":"WebPage","@id":"https:\/\/ataks.ch\/nlpd\/","url":"https:\/\/ataks.ch\/nlpd\/","name":"nLPD - Ataks","isPartOf":{"@id":"https:\/\/ataks.ch\/#website"},"datePublished":"2023-09-07T08:02:56+00:00","dateModified":"2023-09-07T08:09:40+00:00","breadcrumb":{"@id":"https:\/\/ataks.ch\/nlpd\/#breadcrumb"},"inLanguage":"en-GB","potentialAction":[{"@type":"ReadAction","target":["https:\/\/ataks.ch\/nlpd\/"]}]},{"@type":"BreadcrumbList","@id":"https:\/\/ataks.ch\/nlpd\/#breadcrumb","itemListElement":[{"@type":"ListItem","position":1,"name":"Accueil","item":"https:\/\/ataks.ch\/"},{"@type":"ListItem","position":2,"name":"nLPD"}]},{"@type":"WebSite","@id":"https:\/\/ataks.ch\/#website","url":"https:\/\/ataks.ch\/","name":"Ataks","description":"Solutions for hospital medical equipment","publisher":{"@id":"https:\/\/ataks.ch\/#organization"},"potentialAction":[{"@type":"SearchAction","target":{"@type":"EntryPoint","urlTemplate":"https:\/\/ataks.ch\/?s={search_term_string}"},"query-input":{"@type":"PropertyValueSpecification","valueRequired":true,"valueName":"search_term_string"}}],"inLanguage":"en-GB"},{"@type":"Organization","@id":"https:\/\/ataks.ch\/#organization","name":"Ataks","url":"https:\/\/ataks.ch\/","logo":{"@type":"ImageObject","inLanguage":"en-GB","@id":"https:\/\/ataks.ch\/#\/schema\/logo\/image\/","url":"https:\/\/ataks.ch\/wp-content\/uploads\/2023\/09\/Logo-Ataks.png","contentUrl":"https:\/\/ataks.ch\/wp-content\/uploads\/2023\/09\/Logo-Ataks.png","width":2880,"height":967,"caption":"Ataks"},"image":{"@id":"https:\/\/ataks.ch\/#\/schema\/logo\/image\/"}}]}},"_links":{"self":[{"href":"https:\/\/ataks.ch\/en\/wp-json\/wp\/v2\/pages\/362","targetHints":{"allow":["GET"]}}],"collection":[{"href":"https:\/\/ataks.ch\/en\/wp-json\/wp\/v2\/pages"}],"about":[{"href":"https:\/\/ataks.ch\/en\/wp-json\/wp\/v2\/types\/page"}],"author":[{"embeddable":true,"href":"https:\/\/ataks.ch\/en\/wp-json\/wp\/v2\/users\/1"}],"replies":[{"embeddable":true,"href":"https:\/\/ataks.ch\/en\/wp-json\/wp\/v2\/comments?post=362"}],"version-history":[{"count":4,"href":"https:\/\/ataks.ch\/en\/wp-json\/wp\/v2\/pages\/362\/revisions"}],"predecessor-version":[{"id":369,"href":"https:\/\/ataks.ch\/en\/wp-json\/wp\/v2\/pages\/362\/revisions\/369"}],"wp:attachment":[{"href":"https:\/\/ataks.ch\/en\/wp-json\/wp\/v2\/media?parent=362"}],"curies":[{"name":"wp","href":"https:\/\/api.w.org\/{rel}","templated":true}]}}